{"id":32,"date":"2020-07-06T20:59:58","date_gmt":"2020-07-06T17:59:58","guid":{"rendered":"https:\/\/tbmmedikal.com\/?page_id=32"},"modified":"2021-04-25T12:58:52","modified_gmt":"2021-04-25T09:58:52","slug":"teknik-servis","status":"publish","type":"page","link":"https:\/\/tbmmedikal.com\/ru\/teknik-servis\/","title":{"rendered":"\u0422\u0415\u0425\u041d\u0418\u0427\u0415\u0421\u041a\u041e\u0415 \u041e\u0411\u0421\u041b\u0423\u0416\u0418\u0412\u0410\u041d\u0418\u0415"},"content":{"rendered":"\n<p class=\"has-black-color has-text-color\"><strong>Acil Tamir ve Bak\u0131m Hizmetleri<\/strong>.<\/p>\n\n\n\n<p class=\"has-black-color has-text-color has-medium-font-size\">  RADYOLOJ\u0130 C\u0130HAZLARI SERV\u0130S\u0130NDE 20 YILLIK TECR\u00dcBE B\u0130ZE <\/p>\n\n\n\n<p class=\"has-black-color has-text-color has-medium-font-size\"> HER T\u00dcRL\u00dc SORUNUNUZDA \u00dcCRETS\u0130Z DANI\u015eABL\u0130RS\u0130N\u0130Z S\u0130ZE<\/p>\n\n\n\n<p class=\"has-black-color has-text-color has-medium-font-size\"> EN UYGUN \u00c7\u00d6Z\u00dcM\u00dc SUNACA\u011eIMIZA EM\u0130N OLABL\u0130RS\u0130N\u0130Z<\/p>\n\n\n\n<p class=\"has-black-color has-text-color has-medium-font-size\">Merak etmeyin t\u0131bbi cihazlariniz profesyonel teknisyenlerimiz taraf\u0131ndandan Bak\u0131m  ve Tamir edilmektedir.<\/p>\n\n\n\n<p class=\"has-black-color has-text-color has-medium-font-size\">Servis ve onar\u0131m s\u00f6zle\u015fmenizde Acil Tamir ve Bak\u0131m hizmeti ayr\u0131 bir \u00f6neme sahip.  Ar\u0131zan\u0131n sebebi ne olursa olsun yerinde acil bak\u0131m ve onar\u0131m ekibimiz zaman kaybetmeden m\u00fcdahale ve \u00e7\u00f6z\u00fcm sa\u011fl\u0131yor.<\/p>\n\n\n\n<p class=\"has-black-color has-text-color has-medium-font-size\">M\u00fchendislerimiz 7\/24 sizin hizmetinizdedir. <\/p>\n\n\n\n<p class=\"has-black-color has-text-color has-medium-font-size\">Detayl\u0131 olarak tamir alanlar\u0131m\u0131z ve markalar\u0131 a\u015fa\u011f\u0131dan inceleye bilirsiniz <\/p>\n\n\n\n<p class=\"has-black-color has-text-color\" style=\"font-size:18px\"><strong><a href=\"https:\/\/tbmmedikal.com\/tomografi-tamir\/\" target=\"_blank\" rel=\"noreferrer noopener\">Tomografi<\/a><\/strong><\/p>\n\n\n\n<ul><li>Philips<\/li><li>Toshiba<\/li><li>General Electric<\/li><li>Siemens<\/li><li>Shimadzu<\/li><li>Hitachi<\/li><\/ul>\n\n\n\n<p class=\"has-black-color has-text-color\" style=\"font-size:18px\"><strong><a href=\"https:\/\/tbmmedikal.com\/teknik-servis\/mamografi-tamir\/\" target=\"_blank\" rel=\"noreferrer noopener\">Mamografi<\/a><\/strong><\/p>\n\n\n\n<ul><li>&nbsp;Metaltronica<\/li><li>&nbsp;Giotto<\/li><li>GMM<\/li><li>Italray<\/li><li>General Electric<\/li><li>&nbsp;Philips<\/li><li>&nbsp;Siemens<\/li><li>&nbsp;Nova<\/li><\/ul>\n\n\n\n<p class=\"has-black-color has-text-color\" style=\"font-size:18px\"><a href=\"https:\/\/tbmmedikal.com\/rontgen-servis\/\" target=\"_blank\" rel=\"noreferrer noopener\"><strong>R\u00f6ntgen Cihazlar\u0131<\/strong><\/a><\/p>\n\n\n\n<ul><li>GMM<\/li><li>Mecall<\/li><li>ECORAY<\/li><li>SEDECAL<\/li><li>ARCOM<\/li><li>&nbsp;Philips<\/li><li>&nbsp;Siemens<\/li><li>&nbsp;US X-Ray<\/li><li>General Electric<\/li><\/ul>\n\n\n\n<p class=\"has-black-color has-text-color\" style=\"font-size:18px\"><strong><a href=\"https:\/\/tbmmedikal.com\/c-kollu-tamir\/\" target=\"_blank\" rel=\"noreferrer noopener\">C KOLLU R\u00d6NTGEN C\u0130HAZLARI<\/a><\/strong><\/p>\n\n\n\n<ul><li>SIEMENS<\/li><li>GENERAL ELECTRIC<\/li><li>GMM<\/li><li>IBIS<\/li><li>ZIEHM<\/li><li>PHILIPS<\/li><\/ul>\n\n\n\n<p class=\"has-black-color has-text-color\" style=\"font-size:18px\"><a href=\"https:\/\/tbmmedikal.com\/teknik-servis\/floroskopi-tamir\/\" target=\"_blank\" rel=\"noreferrer noopener\"><strong>M\u0130DE MASALARI (FLOROSKOPI C\u0130HAZLARI)<\/strong><\/a><\/p>\n\n\n\n<ul><li>GMM<\/li><li>MECALL<\/li><li>SIEMES<\/li><li>GENERAL ELECTRIC<\/li><li>VILLA<\/li><\/ul>\n\n\n\n<p class=\"has-black-color has-text-color\" style=\"font-size:18px\"><a href=\"https:\/\/tbmmedikal.com\/rontgen-tamir\/\" target=\"_blank\" rel=\"noreferrer noopener\"><strong>SEYYAR R\u00d6NTGENLER.<\/strong><\/a><\/p>\n\n\n\n<ul><li>SIEMENS<\/li><li>GENERAL ELECTRIC<\/li><li>GMM<\/li><li>IBIS<\/li><li>PHILIPS<\/li><\/ul>\n\n\n\n<p class=\"has-black-color has-text-color\" style=\"font-size:18px\"><strong><a href=\"https:\/\/tbmmedikal.com\/dedektor-tamir\/\">DEDEKT\u00d6R TAM\u0130R\u0130 <\/a>.<\/strong><\/p>\n\n\n\n<p>HER T\u00dcRL\u00dc DEDEKT\u00d6R\u00dcN\u00dcZ TAM\u0130R ED\u0130L\u0130R.<\/p>\n\n\n\n<p class=\"has-black-color has-text-color\" style=\"font-size:18px\"><strong><a href=\"https:\/\/tbmmedikal.com\/teknik-servis\/\">&nbsp;Banyo &nbsp;Cihazlar\u0131<\/a><\/strong><\/p>\n\n\n\n<ul><li>PROTECH<\/li><li>MI5<\/li><li>KODAK<\/li><\/ul>\n","protected":false},"excerpt":{"rendered":"<p>\u0410\u0432\u0430\u0440\u0438\u0439\u043d\u044b\u0439 \u0440\u0435\u043c\u043e\u043d\u0442 \u0438 \u0442\u0435\u0445\u043d\u0438\u0447\u0435\u0441\u043a\u043e\u0435 \u043e\u0431\u0441\u043b\u0443\u0436\u0438\u0432\u0430\u043d\u0438\u0435. 20 \u041b\u0415\u0422 \u041e\u041f\u042b\u0422\u0410 \u0412 \u041e\u0411\u0421\u041b\u0423\u0416\u0418\u0412\u0410\u041d\u0418\u0418 \u0420\u0410\u0414\u0418\u041e\u041b\u041e\u0413\u0418\u0427\u0415\u0421\u041a\u0418\u0425 \u0423\u0421\u0422\u0420\u041e\u0419\u0421\u0422\u0412 \u0412\u042b \u041c\u041e\u0416\u0415\u0422\u0415 \u041f\u041e\u041b\u0423\u0427\u0418\u0422\u042c \u0411\u0415\u0421\u041f\u041b\u0410\u0422\u041d\u0423\u042e \u041a\u041e\u041d\u0421\u0423\u041b\u042c\u0422\u0410\u0426\u0418\u042e \u041f\u041e \u041b\u042e\u0411\u041e\u0419 \u041f\u0420\u041e\u0411\u041b\u0415\u041c\u0415 \u0412\u042b \u041c\u041e\u0416\u0415\u0422\u0415 \u0411\u042b\u0422\u042c \u0423\u0412\u0415\u0420\u0415\u041d\u042b, \u041c\u042b \u041f\u0420\u0415\u0414\u041b\u0410\u0413\u0410\u0415\u041c \u041b\u0423\u0427\u0428\u0415\u0415 \u0420\u0415\u0428\u0415\u041d\u0418\u0415 \u041d\u0435 \u0432\u043e\u043b\u043d\u0443\u0439\u0442\u0435\u0441\u044c, \u0432\u0430\u0448\u0438 \u043c\u0435\u0434\u0438\u0446\u0438\u043d\u0441\u043a\u0438\u0435 \u0443\u0441\u0442\u0440\u043e\u0439\u0441\u0442\u0432\u0430 \u043e\u0431\u0441\u043b\u0443\u0436\u0438\u0432\u0430\u044e\u0442\u0441\u044f \u0438 \u0440\u0435\u043c\u043e\u043d\u0442\u0438\u0440\u0443\u044e\u0442\u0441\u044f \u043d\u0430\u0448\u0438\u043c\u0438 \u043f\u0440\u043e\u0444\u0435\u0441\u0441\u0438\u043e\u043d\u0430\u043b\u044c\u043d\u044b\u043c\u0438 \u0442\u0435\u0445\u043d\u0438\u043a\u0430\u043c\u0438. \u0410\u0432\u0430\u0440\u0438\u0439\u043d\u044b\u0439 \u0440\u0435\u043c\u043e\u043d\u0442 \u0438 \u0442\u0435\u0445\u043d\u0438\u0447\u0435\u0441\u043a\u043e\u0435 \u043e\u0431\u0441\u043b\u0443\u0436\u0438\u0432\u0430\u043d\u0438\u0435 \u0438\u043c\u0435\u044e\u0442 \u043e\u0441\u043e\u0431\u043e\u0435 \u0437\u043d\u0430\u0447\u0435\u043d\u0438\u0435 \u0432 \u0432\u0430\u0448\u0435\u043c \u043a\u043e\u043d\u0442\u0440\u0430\u043a\u0442\u0435 \u043d\u0430 \u043e\u0431\u0441\u043b\u0443\u0436\u0438\u0432\u0430\u043d\u0438\u0435 \u0438 \u0440\u0435\u043c\u043e\u043d\u0442. \u041d\u0435\u0437\u0430\u0432\u0438\u0441\u0438\u043c\u043e&hellip;<\/p>\n","protected":false},"author":1,"featured_media":107,"parent":0,"menu_order":0,"comment_status":"closed","ping_status":"closed","template":"","meta":[],"yoast_head":"<!-- This site is optimized with the Yoast SEO plugin v16.1.1 - https:\/\/yoast.com\/wordpress\/plugins\/seo\/ -->\n<title>TEKN\u0130K SERV\u0130S -<\/title>\n<meta name=\"description\" content=\"T\u00fcrk\u00fcm Biyomedikal M\u00fchendislik uzun y\u0131llar medikal sistemler alan\u0131nda farkl\u0131 firmalarda \u00e7al\u0131\u015fm\u0131\u015f konusunda tecr\u00fcbeli ki\u015filerin bir araya gelmesi ile faaliyetlerine ba\u015flam\u0131\u015f ve devam etmektedir. Radyoloji alan\u0131nda kendi \u00fclkesinde ve T\u00fcrkiye\u2019de bir \u00e7ok projelerde yer alm\u0131\u015fd\u0131r.T\u00fcrk\u00fcm Biyoedikal M\u00fchendislik radyolojinin d\u00fcnya \u00fczerinde ki g\u00fcncel ve teknolojik geli\u015fmelerini takip ederek, \u00fclkemiz sa\u011fl\u0131k sekt\u00f6r\u00fcn\u00fcn hizmetine sunmaktad\u0131r. T\u00fcrk\u00fcm Biyoedikal M\u00fchendislik ko\u015fulsuz m\u00fc\u015fteri memnuniyeti esas\u0131na dayal\u0131 pazarlama ve sat\u0131\u015f sonras\u0131 teknik servis hizmetlerini eksiksiz ve tam zaman\u0131nda vermemizde bizden desteklerini esirgemeyen yurti\u00e7i ve yurtd\u0131\u015f\u0131 \u00e7\u00f6z\u00fcm ortaklar\u0131m\u0131za te\u015fekk\u00fcr ederiz.\" \/>\n<meta name=\"robots\" content=\"index, follow, max-snippet:-1, max-image-preview:large, max-video-preview:-1\" \/>\n<link rel=\"canonical\" href=\"https:\/\/tbmmedikal.com\/teknik-servis\/\" \/>\n<meta property=\"og:locale\" content=\"ru_RU\" \/>\n<meta property=\"og:type\" content=\"article\" \/>\n<meta property=\"og:title\" content=\"TEKN\u0130K SERV\u0130S -\" \/>\n<meta property=\"og:description\" content=\"T\u00fcrk\u00fcm Biyomedikal M\u00fchendislik uzun y\u0131llar medikal sistemler alan\u0131nda farkl\u0131 firmalarda \u00e7al\u0131\u015fm\u0131\u015f konusunda tecr\u00fcbeli ki\u015filerin bir araya gelmesi ile faaliyetlerine ba\u015flam\u0131\u015f ve devam etmektedir. Radyoloji alan\u0131nda kendi \u00fclkesinde ve T\u00fcrkiye\u2019de bir \u00e7ok projelerde yer alm\u0131\u015fd\u0131r.T\u00fcrk\u00fcm Biyoedikal M\u00fchendislik radyolojinin d\u00fcnya \u00fczerinde ki g\u00fcncel ve teknolojik geli\u015fmelerini takip ederek, \u00fclkemiz sa\u011fl\u0131k sekt\u00f6r\u00fcn\u00fcn hizmetine sunmaktad\u0131r. T\u00fcrk\u00fcm Biyoedikal M\u00fchendislik ko\u015fulsuz m\u00fc\u015fteri memnuniyeti esas\u0131na dayal\u0131 pazarlama ve sat\u0131\u015f sonras\u0131 teknik servis hizmetlerini eksiksiz ve tam zaman\u0131nda vermemizde bizden desteklerini esirgemeyen yurti\u00e7i ve yurtd\u0131\u015f\u0131 \u00e7\u00f6z\u00fcm ortaklar\u0131m\u0131za te\u015fekk\u00fcr ederiz.\" \/>\n<meta property=\"og:url\" content=\"https:\/\/tbmmedikal.com\/teknik-servis\/\" \/>\n<meta property=\"article:modified_time\" content=\"2021-04-25T09:58:52+00:00\" \/>\n<meta property=\"og:image\" content=\"https:\/\/tbmmedikal.com\/wp-content\/uploads\/2020\/07\/servistamir1.png\" \/>\n\t<meta property=\"og:image:width\" content=\"960\" \/>\n\t<meta property=\"og:image:height\" content=\"600\" \/>\n<meta name=\"twitter:card\" content=\"summary_large_image\" \/>\n<meta name=\"twitter:label1\" content=\"\u041f\u0440\u0438\u043c\u0435\u0440\u043d\u043e\u0435 \u0432\u0440\u0435\u043c\u044f \u0434\u043b\u044f \u0447\u0442\u0435\u043d\u0438\u044f\">\n\t<meta name=\"twitter:data1\" content=\"1 \u043c\u0438\u043d\u0443\u0442\u0430\">\n<script type=\"application\/ld+json\" class=\"yoast-schema-graph\">{\"@context\":\"https:\/\/schema.org\",\"@graph\":[{\"@type\":\"WebSite\",\"@id\":\"https:\/\/tbmmedikal.com\/#website\",\"url\":\"https:\/\/tbmmedikal.com\/\",\"name\":\"\",\"description\":\"T\\u00fcrk\\u00fcm \\u0411\\u0438\\u043e\\u043c\\u0435\\u0434\\u0438\\u0446\\u0438\\u043d\\u0441\\u043a\\u0430\\u044f \\u0438\\u043d\\u0436\\u0435\\u043d\\u0435\\u0440\\u0438\\u044f\",\"potentialAction\":[{\"@type\":\"SearchAction\",\"target\":\"https:\/\/tbmmedikal.com\/?s={search_term_string}\",\"query-input\":\"required name=search_term_string\"}],\"inLanguage\":\"ru-RU\"},{\"@type\":\"ImageObject\",\"@id\":\"https:\/\/tbmmedikal.com\/teknik-servis\/#primaryimage\",\"inLanguage\":\"ru-RU\",\"url\":\"https:\/\/tbmmedikal.com\/wp-content\/uploads\/2020\/07\/servistamir1.png\",\"contentUrl\":\"https:\/\/tbmmedikal.com\/wp-content\/uploads\/2020\/07\/servistamir1.png\",\"width\":960,\"height\":600},{\"@type\":\"WebPage\",\"@id\":\"https:\/\/tbmmedikal.com\/teknik-servis\/#webpage\",\"url\":\"https:\/\/tbmmedikal.com\/teknik-servis\/\",\"name\":\"TEKN\\u0130K SERV\\u0130S -\",\"isPartOf\":{\"@id\":\"https:\/\/tbmmedikal.com\/#website\"},\"primaryImageOfPage\":{\"@id\":\"https:\/\/tbmmedikal.com\/teknik-servis\/#primaryimage\"},\"datePublished\":\"2020-07-06T17:59:58+00:00\",\"dateModified\":\"2021-04-25T09:58:52+00:00\",\"description\":\"T\\u00fcrk\\u00fcm Biyomedikal M\\u00fchendislik uzun y\\u0131llar medikal sistemler alan\\u0131nda farkl\\u0131 firmalarda \\u00e7al\\u0131\\u015fm\\u0131\\u015f konusunda tecr\\u00fcbeli ki\\u015filerin bir araya gelmesi ile faaliyetlerine ba\\u015flam\\u0131\\u015f ve devam etmektedir. Radyoloji alan\\u0131nda kendi \\u00fclkesinde ve T\\u00fcrkiye\\u2019de bir \\u00e7ok projelerde yer alm\\u0131\\u015fd\\u0131r.T\\u00fcrk\\u00fcm Biyoedikal M\\u00fchendislik radyolojinin d\\u00fcnya \\u00fczerinde ki g\\u00fcncel ve teknolojik geli\\u015fmelerini takip ederek, \\u00fclkemiz sa\\u011fl\\u0131k sekt\\u00f6r\\u00fcn\\u00fcn hizmetine sunmaktad\\u0131r. T\\u00fcrk\\u00fcm Biyoedikal M\\u00fchendislik ko\\u015fulsuz m\\u00fc\\u015fteri memnuniyeti esas\\u0131na dayal\\u0131 pazarlama ve sat\\u0131\\u015f sonras\\u0131 teknik servis hizmetlerini eksiksiz ve tam zaman\\u0131nda vermemizde bizden desteklerini esirgemeyen yurti\\u00e7i ve yurtd\\u0131\\u015f\\u0131 \\u00e7\\u00f6z\\u00fcm ortaklar\\u0131m\\u0131za te\\u015fekk\\u00fcr ederiz.\",\"breadcrumb\":{\"@id\":\"https:\/\/tbmmedikal.com\/teknik-servis\/#breadcrumb\"},\"inLanguage\":\"ru-RU\",\"potentialAction\":[{\"@type\":\"ReadAction\",\"target\":[\"https:\/\/tbmmedikal.com\/teknik-servis\/\"]}]},{\"@type\":\"BreadcrumbList\",\"@id\":\"https:\/\/tbmmedikal.com\/teknik-servis\/#breadcrumb\",\"itemListElement\":[{\"@type\":\"ListItem\",\"position\":1,\"item\":{\"@type\":\"WebPage\",\"@id\":\"https:\/\/tbmmedikal.com\/\",\"url\":\"https:\/\/tbmmedikal.com\/\",\"name\":\"Ana sayfa\"}},{\"@type\":\"ListItem\",\"position\":2,\"item\":{\"@type\":\"WebPage\",\"@id\":\"https:\/\/tbmmedikal.com\/teknik-servis\/\",\"url\":\"https:\/\/tbmmedikal.com\/teknik-servis\/\",\"name\":\"TEKN\\u0130K SERV\\u0130S\"}}]}]}<\/script>\n<!-- \/ Yoast SEO plugin. -->","_links":{"self":[{"href":"https:\/\/tbmmedikal.com\/ru\/wp-json\/wp\/v2\/pages\/32"}],"collection":[{"href":"https:\/\/tbmmedikal.com\/ru\/wp-json\/wp\/v2\/pages"}],"about":[{"href":"https:\/\/tbmmedikal.com\/ru\/wp-json\/wp\/v2\/types\/page"}],"author":[{"embeddable":true,"href":"https:\/\/tbmmedikal.com\/ru\/wp-json\/wp\/v2\/users\/1"}],"replies":[{"embeddable":true,"href":"https:\/\/tbmmedikal.com\/ru\/wp-json\/wp\/v2\/comments?post=32"}],"version-history":[{"count":40,"href":"https:\/\/tbmmedikal.com\/ru\/wp-json\/wp\/v2\/pages\/32\/revisions"}],"predecessor-version":[{"id":632,"href":"https:\/\/tbmmedikal.com\/ru\/wp-json\/wp\/v2\/pages\/32\/revisions\/632"}],"wp:featuredmedia":[{"embeddable":true,"href":"https:\/\/tbmmedikal.com\/ru\/wp-json\/wp\/v2\/media\/107"}],"wp:attachment":[{"href":"https:\/\/tbmmedikal.com\/ru\/wp-json\/wp\/v2\/media?parent=32"}],"curies":[{"name":"wp","href":"https:\/\/api.w.org\/{rel}","templated":true}]}}