{"id":189,"date":"2020-07-12T18:25:48","date_gmt":"2020-07-12T15:25:48","guid":{"rendered":"https:\/\/tbmmedikal.com\/?page_id=189"},"modified":"2020-07-26T15:13:10","modified_gmt":"2020-07-26T12:13:10","slug":"yurtici","status":"publish","type":"page","link":"https:\/\/tbmmedikal.com\/ru\/galeri\/yurtici\/","title":{"rendered":"\u0432\u043d\u0443\u0442\u0440\u0435\u043d\u043d\u0438\u0439"},"content":{"rendered":"\n<h2>Yurt i\u00e7i hastanelerimizde yapd\u0131g\u0131m\u0131z \u00e7al\u0131\u015fmalar\u0131m\u0131zdan baz\u0131lar\u0131n\u0131 sizlerle payla\u015f\u0131yoruz..<\/h2>\n\n\n\n<p><\/p>\n\n\n\n<figure class=\"wp-block-gallery aligncenter columns-2 is-cropped\"><ul class=\"blocks-gallery-grid\"><li class=\"blocks-gallery-item\"><figure><img loading=\"lazy\" width=\"960\" height=\"720\" src=\"https:\/\/tbmmedikal.com\/wp-content\/uploads\/2020\/07\/akdeniz-universitesi-hastanesi-1.jpg\" alt=\"\" data-id=\"374\" data-full-url=\"https:\/\/tbmmedikal.com\/wp-content\/uploads\/2020\/07\/akdeniz-universitesi-hastanesi-1.jpg\" data-link=\"https:\/\/tbmmedikal.com\/galeri\/yurtici\/akdeniz-universitesi-hastanesi-1\/\" class=\"wp-image-374\" srcset=\"https:\/\/tbmmedikal.com\/wp-content\/uploads\/2020\/07\/akdeniz-universitesi-hastanesi-1.jpg 960w, https:\/\/tbmmedikal.com\/wp-content\/uploads\/2020\/07\/akdeniz-universitesi-hastanesi-1-300x225.jpg 300w, https:\/\/tbmmedikal.com\/wp-content\/uploads\/2020\/07\/akdeniz-universitesi-hastanesi-1-768x576.jpg 768w\" sizes=\"(max-width: 960px) 100vw, 960px\" \/><figcaption class=\"blocks-gallery-item__caption\"><strong>Akdeniz Universitesi Hastanesi<\/strong><\/figcaption><\/figure><\/li><li class=\"blocks-gallery-item\"><figure><img loading=\"lazy\" width=\"960\" height=\"720\" src=\"https:\/\/tbmmedikal.com\/wp-content\/uploads\/2020\/07\/KTU-TIPFAKULTESI-1.jpg\" alt=\"\" data-id=\"375\" data-full-url=\"https:\/\/tbmmedikal.com\/wp-content\/uploads\/2020\/07\/KTU-TIPFAKULTESI-1.jpg\" data-link=\"https:\/\/tbmmedikal.com\/galeri\/yurtici\/ktu-tipfakultesi-1\/\" class=\"wp-image-375\" srcset=\"https:\/\/tbmmedikal.com\/wp-content\/uploads\/2020\/07\/KTU-TIPFAKULTESI-1.jpg 960w, https:\/\/tbmmedikal.com\/wp-content\/uploads\/2020\/07\/KTU-TIPFAKULTESI-1-300x225.jpg 300w, https:\/\/tbmmedikal.com\/wp-content\/uploads\/2020\/07\/KTU-TIPFAKULTESI-1-768x576.jpg 768w\" sizes=\"(max-width: 960px) 100vw, 960px\" \/><figcaption class=\"blocks-gallery-item__caption\"><strong>&nbsp;KT\u00dc T\u0131p Fak\u00fcltesi<\/strong><\/figcaption><\/figure><\/li><li class=\"blocks-gallery-item\"><figure><img loading=\"lazy\" width=\"720\" height=\"960\" src=\"https:\/\/tbmmedikal.com\/wp-content\/uploads\/2020\/07\/pamukkale-universitesi-1.jpg\" alt=\"\" data-id=\"376\" data-full-url=\"https:\/\/tbmmedikal.com\/wp-content\/uploads\/2020\/07\/pamukkale-universitesi-1.jpg\" data-link=\"https:\/\/tbmmedikal.com\/galeri\/yurtici\/pamukkale-universitesi-1\/\" class=\"wp-image-376\" srcset=\"https:\/\/tbmmedikal.com\/wp-content\/uploads\/2020\/07\/pamukkale-universitesi-1.jpg 720w, https:\/\/tbmmedikal.com\/wp-content\/uploads\/2020\/07\/pamukkale-universitesi-1-225x300.jpg 225w\" sizes=\"(max-width: 720px) 100vw, 720px\" \/><figcaption class=\"blocks-gallery-item__caption\"><strong>Pamukkale \u00dcniversitesi<\/strong><br>Mecall Eidos 3000 tamiri<\/figcaption><\/figure><\/li><li class=\"blocks-gallery-item\"><figure><img loading=\"lazy\" width=\"720\" height=\"960\" src=\"https:\/\/tbmmedikal.com\/wp-content\/uploads\/2020\/07\/pamukkale-universitesi1-1.jpg\" alt=\"\" data-id=\"377\" data-full-url=\"https:\/\/tbmmedikal.com\/wp-content\/uploads\/2020\/07\/pamukkale-universitesi1-1.jpg\" data-link=\"https:\/\/tbmmedikal.com\/galeri\/yurtici\/pamukkale-universitesi1-1\/\" class=\"wp-image-377\" srcset=\"https:\/\/tbmmedikal.com\/wp-content\/uploads\/2020\/07\/pamukkale-universitesi1-1.jpg 720w, https:\/\/tbmmedikal.com\/wp-content\/uploads\/2020\/07\/pamukkale-universitesi1-1-225x300.jpg 225w\" sizes=\"(max-width: 720px) 100vw, 720px\" \/><figcaption class=\"blocks-gallery-item__caption\"><strong>Pamukkale \u00dcniversitesi<\/strong><br>Mecall Eidos 3000 tamiri<\/figcaption><\/figure><\/li><li class=\"blocks-gallery-item\"><figure><img loading=\"lazy\" width=\"768\" height=\"1024\" src=\"https:\/\/tbmmedikal.com\/wp-content\/uploads\/2020\/07\/SDU-ARASDIRMA-VE-UYGULAMA-HASTANESI-1-768x1024.jpg\" alt=\"\" data-id=\"378\" data-full-url=\"https:\/\/tbmmedikal.com\/wp-content\/uploads\/2020\/07\/SDU-ARASDIRMA-VE-UYGULAMA-HASTANESI-1.jpg\" data-link=\"https:\/\/tbmmedikal.com\/galeri\/yurtici\/sdu-arasdirma-ve-uygulama-hastanesi-1\/\" class=\"wp-image-378\" srcset=\"https:\/\/tbmmedikal.com\/wp-content\/uploads\/2020\/07\/SDU-ARASDIRMA-VE-UYGULAMA-HASTANESI-1-768x1024.jpg 768w, https:\/\/tbmmedikal.com\/wp-content\/uploads\/2020\/07\/SDU-ARASDIRMA-VE-UYGULAMA-HASTANESI-1-225x300.jpg 225w, https:\/\/tbmmedikal.com\/wp-content\/uploads\/2020\/07\/SDU-ARASDIRMA-VE-UYGULAMA-HASTANESI-1-1152x1536.jpg 1152w, https:\/\/tbmmedikal.com\/wp-content\/uploads\/2020\/07\/SDU-ARASDIRMA-VE-UYGULAMA-HASTANESI-1.jpg 1200w\" sizes=\"(max-width: 768px) 100vw, 768px\" \/><figcaption class=\"blocks-gallery-item__caption\">&nbsp;<strong>SD\u00dc Ara\u015ft\u0131rma ve Uygulama Hastanesi<\/strong><br>APL\u0130KASYON E\u011e\u0130T\u0130M\u0130<\/figcaption><\/figure><\/li><li class=\"blocks-gallery-item\"><figure><img loading=\"lazy\" width=\"768\" height=\"1024\" src=\"https:\/\/tbmmedikal.com\/wp-content\/uploads\/2020\/07\/SDU-ARASDIRMA-VE-UYGULAMA-HASTANESI-2-768x1024.jpg\" alt=\"\" data-id=\"379\" data-full-url=\"https:\/\/tbmmedikal.com\/wp-content\/uploads\/2020\/07\/SDU-ARASDIRMA-VE-UYGULAMA-HASTANESI-2.jpg\" data-link=\"https:\/\/tbmmedikal.com\/galeri\/yurtici\/sdu-arasdirma-ve-uygulama-hastanesi-2\/\" class=\"wp-image-379\" srcset=\"https:\/\/tbmmedikal.com\/wp-content\/uploads\/2020\/07\/SDU-ARASDIRMA-VE-UYGULAMA-HASTANESI-2-768x1024.jpg 768w, https:\/\/tbmmedikal.com\/wp-content\/uploads\/2020\/07\/SDU-ARASDIRMA-VE-UYGULAMA-HASTANESI-2-225x300.jpg 225w, https:\/\/tbmmedikal.com\/wp-content\/uploads\/2020\/07\/SDU-ARASDIRMA-VE-UYGULAMA-HASTANESI-2-1152x1536.jpg 1152w, https:\/\/tbmmedikal.com\/wp-content\/uploads\/2020\/07\/SDU-ARASDIRMA-VE-UYGULAMA-HASTANESI-2.jpg 1200w\" sizes=\"(max-width: 768px) 100vw, 768px\" \/><figcaption class=\"blocks-gallery-item__caption\">&nbsp;<strong>SD\u00dc Ara\u015ft\u0131rma ve Uygulama Hastanesi<\/strong><br>APL\u0130KASYON E\u011e\u0130T\u0130M\u0130<\/figcaption><\/figure><\/li><li class=\"blocks-gallery-item\"><figure><img loading=\"lazy\" width=\"720\" height=\"960\" src=\"https:\/\/tbmmedikal.com\/wp-content\/uploads\/2020\/07\/SDU-ARASDIRMA-VE-UYGULAMA-HASTANESI-3.jpg\" alt=\"\" data-id=\"380\" data-full-url=\"https:\/\/tbmmedikal.com\/wp-content\/uploads\/2020\/07\/SDU-ARASDIRMA-VE-UYGULAMA-HASTANESI-3.jpg\" data-link=\"https:\/\/tbmmedikal.com\/galeri\/yurtici\/sdu-arasdirma-ve-uygulama-hastanesi-3\/\" class=\"wp-image-380\" srcset=\"https:\/\/tbmmedikal.com\/wp-content\/uploads\/2020\/07\/SDU-ARASDIRMA-VE-UYGULAMA-HASTANESI-3.jpg 720w, https:\/\/tbmmedikal.com\/wp-content\/uploads\/2020\/07\/SDU-ARASDIRMA-VE-UYGULAMA-HASTANESI-3-225x300.jpg 225w\" sizes=\"(max-width: 720px) 100vw, 720px\" \/><figcaption class=\"blocks-gallery-item__caption\">&nbsp;<strong>SD\u00dc Ara\u015ft\u0131rma ve Uygulama Hastanesi<\/strong><br>APL\u0130KASYON E\u011e\u0130T\u0130M\u0130<\/figcaption><\/figure><\/li><li class=\"blocks-gallery-item\"><figure><img loading=\"lazy\" width=\"720\" height=\"960\" src=\"https:\/\/tbmmedikal.com\/wp-content\/uploads\/2020\/07\/taksim-ilkyardimeitim-arasdirma-hastanesi-1.jpg\" alt=\"\" data-id=\"381\" data-full-url=\"https:\/\/tbmmedikal.com\/wp-content\/uploads\/2020\/07\/taksim-ilkyardimeitim-arasdirma-hastanesi-1.jpg\" data-link=\"https:\/\/tbmmedikal.com\/galeri\/yurtici\/taksim-ilkyardimeitim-arasdirma-hastanesi-1\/\" class=\"wp-image-381\" srcset=\"https:\/\/tbmmedikal.com\/wp-content\/uploads\/2020\/07\/taksim-ilkyardimeitim-arasdirma-hastanesi-1.jpg 720w, https:\/\/tbmmedikal.com\/wp-content\/uploads\/2020\/07\/taksim-ilkyardimeitim-arasdirma-hastanesi-1-225x300.jpg 225w\" sizes=\"(max-width: 720px) 100vw, 720px\" \/><figcaption class=\"blocks-gallery-item__caption\"><strong>Taksim ilk Yard\u0131m E\u011fitim Ara\u015ft\u0131rma Hastanesi<\/strong><\/figcaption><\/figure><\/li><\/ul><\/figure>\n","protected":false},"excerpt":{"rendered":"<p>\u041c\u044b \u0434\u0435\u043b\u0438\u043c\u0441\u044f \u0441 \u0432\u0430\u043c\u0438 \u043d\u0435\u043a\u043e\u0442\u043e\u0440\u044b\u043c\u0438 \u0438\u0437 \u043d\u0430\u0448\u0438\u0445 \u0440\u0430\u0431\u043e\u0442 \u0432 \u043d\u0430\u0448\u0438\u0445 \u0434\u043e\u043c\u0430\u0448\u043d\u0438\u0445 \u0431\u043e\u043b\u044c\u043d\u0438\u0446\u0430\u0445.<\/p>\n","protected":false},"author":1,"featured_media":0,"parent":183,"menu_order":0,"comment_status":"closed","ping_status":"closed","template":"","meta":[],"yoast_head":"<!-- This site is optimized with the Yoast SEO plugin v16.1.1 - https:\/\/yoast.com\/wordpress\/plugins\/seo\/ -->\n<title>Yurti\u00e7i -<\/title>\n<meta name=\"description\" content=\"Yurt i\u00e7i hastanelerimizde yapd\u0131g\u0131m\u0131z \u00e7al\u0131\u015fmalar\u0131m\u0131zdan baz\u0131lar\u0131n\u0131 sizlerle payla\u015f\u0131yoruz.. %\" \/>\n<meta name=\"robots\" content=\"index, follow, max-snippet:-1, max-image-preview:large, max-video-preview:-1\" \/>\n<link rel=\"canonical\" href=\"https:\/\/tbmmedikal.com\/galeri\/yurtici\/\" \/>\n<meta property=\"og:locale\" content=\"ru_RU\" \/>\n<meta property=\"og:type\" content=\"article\" \/>\n<meta property=\"og:title\" content=\"Yurti\u00e7i -\" \/>\n<meta property=\"og:description\" content=\"Yurt i\u00e7i hastanelerimizde yapd\u0131g\u0131m\u0131z \u00e7al\u0131\u015fmalar\u0131m\u0131zdan baz\u0131lar\u0131n\u0131 sizlerle payla\u015f\u0131yoruz.. %\" \/>\n<meta property=\"og:url\" content=\"https:\/\/tbmmedikal.com\/galeri\/yurtici\/\" \/>\n<meta property=\"article:modified_time\" content=\"2020-07-26T12:13:10+00:00\" \/>\n<meta property=\"og:image\" content=\"https:\/\/tbmmedikal.com\/wp-content\/uploads\/2020\/07\/akdeniz-universitesi-hastanesi-1.jpg\" \/>\n<meta name=\"twitter:card\" content=\"summary_large_image\" \/>\n<script type=\"application\/ld+json\" class=\"yoast-schema-graph\">{\"@context\":\"https:\/\/schema.org\",\"@graph\":[{\"@type\":\"WebSite\",\"@id\":\"https:\/\/tbmmedikal.com\/#website\",\"url\":\"https:\/\/tbmmedikal.com\/\",\"name\":\"\",\"description\":\"T\\u00fcrk\\u00fcm \\u0411\\u0438\\u043e\\u043c\\u0435\\u0434\\u0438\\u0446\\u0438\\u043d\\u0441\\u043a\\u0430\\u044f \\u0438\\u043d\\u0436\\u0435\\u043d\\u0435\\u0440\\u0438\\u044f\",\"potentialAction\":[{\"@type\":\"SearchAction\",\"target\":\"https:\/\/tbmmedikal.com\/?s={search_term_string}\",\"query-input\":\"required name=search_term_string\"}],\"inLanguage\":\"ru-RU\"},{\"@type\":\"ImageObject\",\"@id\":\"https:\/\/tbmmedikal.com\/galeri\/yurtici\/#primaryimage\",\"inLanguage\":\"ru-RU\",\"url\":\"https:\/\/tbmmedikal.com\/wp-content\/uploads\/2020\/07\/akdeniz-universitesi-hastanesi-1.jpg\",\"contentUrl\":\"https:\/\/tbmmedikal.com\/wp-content\/uploads\/2020\/07\/akdeniz-universitesi-hastanesi-1.jpg\",\"width\":960,\"height\":720},{\"@type\":\"WebPage\",\"@id\":\"https:\/\/tbmmedikal.com\/galeri\/yurtici\/#webpage\",\"url\":\"https:\/\/tbmmedikal.com\/galeri\/yurtici\/\",\"name\":\"Yurti\\u00e7i -\",\"isPartOf\":{\"@id\":\"https:\/\/tbmmedikal.com\/#website\"},\"primaryImageOfPage\":{\"@id\":\"https:\/\/tbmmedikal.com\/galeri\/yurtici\/#primaryimage\"},\"datePublished\":\"2020-07-12T15:25:48+00:00\",\"dateModified\":\"2020-07-26T12:13:10+00:00\",\"description\":\"Yurt i\\u00e7i hastanelerimizde yapd\\u0131g\\u0131m\\u0131z \\u00e7al\\u0131\\u015fmalar\\u0131m\\u0131zdan baz\\u0131lar\\u0131n\\u0131 sizlerle payla\\u015f\\u0131yoruz.. %\",\"breadcrumb\":{\"@id\":\"https:\/\/tbmmedikal.com\/galeri\/yurtici\/#breadcrumb\"},\"inLanguage\":\"ru-RU\",\"potentialAction\":[{\"@type\":\"ReadAction\",\"target\":[\"https:\/\/tbmmedikal.com\/galeri\/yurtici\/\"]}]},{\"@type\":\"BreadcrumbList\",\"@id\":\"https:\/\/tbmmedikal.com\/galeri\/yurtici\/#breadcrumb\",\"itemListElement\":[{\"@type\":\"ListItem\",\"position\":1,\"item\":{\"@type\":\"WebPage\",\"@id\":\"https:\/\/tbmmedikal.com\/\",\"url\":\"https:\/\/tbmmedikal.com\/\",\"name\":\"Ana sayfa\"}},{\"@type\":\"ListItem\",\"position\":2,\"item\":{\"@type\":\"WebPage\",\"@id\":\"https:\/\/tbmmedikal.com\/galeri\/\",\"url\":\"https:\/\/tbmmedikal.com\/galeri\/\",\"name\":\"Galeri\"}},{\"@type\":\"ListItem\",\"position\":3,\"item\":{\"@type\":\"WebPage\",\"@id\":\"https:\/\/tbmmedikal.com\/galeri\/yurtici\/\",\"url\":\"https:\/\/tbmmedikal.com\/galeri\/yurtici\/\",\"name\":\"Yurti\\u00e7i\"}}]}]}<\/script>\n<!-- \/ Yoast SEO plugin. -->","_links":{"self":[{"href":"https:\/\/tbmmedikal.com\/ru\/wp-json\/wp\/v2\/pages\/189"}],"collection":[{"href":"https:\/\/tbmmedikal.com\/ru\/wp-json\/wp\/v2\/pages"}],"about":[{"href":"https:\/\/tbmmedikal.com\/ru\/wp-json\/wp\/v2\/types\/page"}],"author":[{"embeddable":true,"href":"https:\/\/tbmmedikal.com\/ru\/wp-json\/wp\/v2\/users\/1"}],"replies":[{"embeddable":true,"href":"https:\/\/tbmmedikal.com\/ru\/wp-json\/wp\/v2\/comments?post=189"}],"version-history":[{"count":27,"href":"https:\/\/tbmmedikal.com\/ru\/wp-json\/wp\/v2\/pages\/189\/revisions"}],"predecessor-version":[{"id":408,"href":"https:\/\/tbmmedikal.com\/ru\/wp-json\/wp\/v2\/pages\/189\/revisions\/408"}],"up":[{"embeddable":true,"href":"https:\/\/tbmmedikal.com\/ru\/wp-json\/wp\/v2\/pages\/183"}],"wp:attachment":[{"href":"https:\/\/tbmmedikal.com\/ru\/wp-json\/wp\/v2\/media?parent=189"}],"curies":[{"name":"wp","href":"https:\/\/api.w.org\/{rel}","templated":true}]}}