{"id":183,"date":"2020-07-12T04:18:26","date_gmt":"2020-07-12T01:18:26","guid":{"rendered":"https:\/\/tbmmedikal.com\/?page_id=183"},"modified":"2020-07-27T19:36:35","modified_gmt":"2020-07-27T16:36:35","slug":"galeri","status":"publish","type":"page","link":"https:\/\/tbmmedikal.com\/ru\/galeri\/","title":{"rendered":"Galeri"},"content":{"rendered":"\n<figure class=\"wp-block-image size-large\"><img loading=\"lazy\" width=\"1024\" height=\"768\" src=\"https:\/\/tbmmedikal.com\/wp-content\/uploads\/2020\/07\/collage-1-1024x768.jpg\" alt=\"\" class=\"wp-image-329\" srcset=\"https:\/\/tbmmedikal.com\/wp-content\/uploads\/2020\/07\/collage-1-1024x768.jpg 1024w, https:\/\/tbmmedikal.com\/wp-content\/uploads\/2020\/07\/collage-1-300x225.jpg 300w, https:\/\/tbmmedikal.com\/wp-content\/uploads\/2020\/07\/collage-1-768x576.jpg 768w, https:\/\/tbmmedikal.com\/wp-content\/uploads\/2020\/07\/collage-1-1536x1152.jpg 1536w, https:\/\/tbmmedikal.com\/wp-content\/uploads\/2020\/07\/collage-1-2048x1536.jpg 2048w\" sizes=\"(max-width: 1024px) 100vw, 1024px\" \/><\/figure>\n\n\n\n<p><\/p>\n\n\n\n<h2><a href=\"https:\/\/tbmmedikal.com\/galeri\/yurtici\/\">Yurt i\u00e7i resimleri g\u00f6rmek i\u00e7in t\u0131klayn.<\/a><\/h2>\n\n\n\n<h2><a href=\"https:\/\/tbmmedikal.com\/galeri\/yurtdisi\/\">Yurt d\u0131\u015f\u0131 resimler i\u00e7in t\u0131klayn.<\/a><\/h2>\n\n\n\n<p><\/p>\n","protected":false},"excerpt":{"rendered":"","protected":false},"author":1,"featured_media":329,"parent":0,"menu_order":0,"comment_status":"closed","ping_status":"closed","template":"","meta":[],"yoast_head":"<!-- This site is optimized with the Yoast SEO plugin v16.1.1 - https:\/\/yoast.com\/wordpress\/plugins\/seo\/ -->\n<title>Galeri -<\/title>\n<meta name=\"robots\" content=\"index, follow, max-snippet:-1, max-image-preview:large, max-video-preview:-1\" \/>\n<link rel=\"canonical\" href=\"https:\/\/tbmmedikal.com\/galeri\/\" \/>\n<meta property=\"og:locale\" content=\"ru_RU\" \/>\n<meta property=\"og:type\" content=\"article\" \/>\n<meta property=\"og:title\" content=\"Galeri -\" \/>\n<meta property=\"og:url\" content=\"https:\/\/tbmmedikal.com\/galeri\/\" \/>\n<meta property=\"article:modified_time\" content=\"2020-07-27T16:36:35+00:00\" \/>\n<meta property=\"og:image\" content=\"https:\/\/tbmmedikal.com\/wp-content\/uploads\/2020\/07\/collage-1-scaled.jpg\" \/>\n\t<meta property=\"og:image:width\" content=\"2560\" \/>\n\t<meta property=\"og:image:height\" content=\"1920\" \/>\n<meta name=\"twitter:card\" content=\"summary_large_image\" \/>\n<script type=\"application\/ld+json\" class=\"yoast-schema-graph\">{\"@context\":\"https:\/\/schema.org\",\"@graph\":[{\"@type\":\"WebSite\",\"@id\":\"https:\/\/tbmmedikal.com\/#website\",\"url\":\"https:\/\/tbmmedikal.com\/\",\"name\":\"\",\"description\":\"T\\u00fcrk\\u00fcm \\u0411\\u0438\\u043e\\u043c\\u0435\\u0434\\u0438\\u0446\\u0438\\u043d\\u0441\\u043a\\u0430\\u044f \\u0438\\u043d\\u0436\\u0435\\u043d\\u0435\\u0440\\u0438\\u044f\",\"potentialAction\":[{\"@type\":\"SearchAction\",\"target\":\"https:\/\/tbmmedikal.com\/?s={search_term_string}\",\"query-input\":\"required name=search_term_string\"}],\"inLanguage\":\"ru-RU\"},{\"@type\":\"ImageObject\",\"@id\":\"https:\/\/tbmmedikal.com\/galeri\/#primaryimage\",\"inLanguage\":\"ru-RU\",\"url\":\"https:\/\/tbmmedikal.com\/wp-content\/uploads\/2020\/07\/collage-1-scaled.jpg\",\"contentUrl\":\"https:\/\/tbmmedikal.com\/wp-content\/uploads\/2020\/07\/collage-1-scaled.jpg\",\"width\":2560,\"height\":1920},{\"@type\":\"WebPage\",\"@id\":\"https:\/\/tbmmedikal.com\/galeri\/#webpage\",\"url\":\"https:\/\/tbmmedikal.com\/galeri\/\",\"name\":\"Galeri -\",\"isPartOf\":{\"@id\":\"https:\/\/tbmmedikal.com\/#website\"},\"primaryImageOfPage\":{\"@id\":\"https:\/\/tbmmedikal.com\/galeri\/#primaryimage\"},\"datePublished\":\"2020-07-12T01:18:26+00:00\",\"dateModified\":\"2020-07-27T16:36:35+00:00\",\"breadcrumb\":{\"@id\":\"https:\/\/tbmmedikal.com\/galeri\/#breadcrumb\"},\"inLanguage\":\"ru-RU\",\"potentialAction\":[{\"@type\":\"ReadAction\",\"target\":[\"https:\/\/tbmmedikal.com\/galeri\/\"]}]},{\"@type\":\"BreadcrumbList\",\"@id\":\"https:\/\/tbmmedikal.com\/galeri\/#breadcrumb\",\"itemListElement\":[{\"@type\":\"ListItem\",\"position\":1,\"item\":{\"@type\":\"WebPage\",\"@id\":\"https:\/\/tbmmedikal.com\/\",\"url\":\"https:\/\/tbmmedikal.com\/\",\"name\":\"Ana sayfa\"}},{\"@type\":\"ListItem\",\"position\":2,\"item\":{\"@type\":\"WebPage\",\"@id\":\"https:\/\/tbmmedikal.com\/galeri\/\",\"url\":\"https:\/\/tbmmedikal.com\/galeri\/\",\"name\":\"Galeri\"}}]}]}<\/script>\n<!-- \/ Yoast SEO plugin. -->","_links":{"self":[{"href":"https:\/\/tbmmedikal.com\/ru\/wp-json\/wp\/v2\/pages\/183"}],"collection":[{"href":"https:\/\/tbmmedikal.com\/ru\/wp-json\/wp\/v2\/pages"}],"about":[{"href":"https:\/\/tbmmedikal.com\/ru\/wp-json\/wp\/v2\/types\/page"}],"author":[{"embeddable":true,"href":"https:\/\/tbmmedikal.com\/ru\/wp-json\/wp\/v2\/users\/1"}],"replies":[{"embeddable":true,"href":"https:\/\/tbmmedikal.com\/ru\/wp-json\/wp\/v2\/comments?post=183"}],"version-history":[{"count":1,"href":"https:\/\/tbmmedikal.com\/ru\/wp-json\/wp\/v2\/pages\/183\/revisions"}],"predecessor-version":[{"id":456,"href":"https:\/\/tbmmedikal.com\/ru\/wp-json\/wp\/v2\/pages\/183\/revisions\/456"}],"wp:featuredmedia":[{"embeddable":true,"href":"https:\/\/tbmmedikal.com\/ru\/wp-json\/wp\/v2\/media\/329"}],"wp:attachment":[{"href":"https:\/\/tbmmedikal.com\/ru\/wp-json\/wp\/v2\/media?parent=183"}],"curies":[{"name":"wp","href":"https:\/\/api.w.org\/{rel}","templated":true}]}}