{"id":145,"date":"2020-07-11T11:25:53","date_gmt":"2020-07-11T08:25:53","guid":{"rendered":"https:\/\/tbmmedikal.com\/?page_id=145"},"modified":"2021-04-25T20:56:07","modified_gmt":"2021-04-25T17:56:07","slug":"floroskopi-tamir","status":"publish","type":"page","link":"https:\/\/tbmmedikal.com\/ru\/teknik-servis\/floroskopi-tamir\/","title":{"rendered":"Floroskopi"},"content":{"rendered":"\n<div id=\"section-gac2b5e\" class=\"wp-block-gutentor-e6 section-gac2b5e gutentor-element gutentor-element-image\"><div class=\"gutentor-element-image-box\"><div class=\"gutentor-image-thumb\"><img class=\"normal-image\" src=\"https:\/\/tbmmedikal.com\/wp-content\/uploads\/2020\/07\/azerbaycan.2jpg.jpg\"\/><\/div><\/div><\/div>\n\n\n\n<p>\u0130ster tek seferlik bir hizmet etkinli\u011fi ile ister&nbsp; bir hizmet s\u00f6zle\u015fmesinin g\u00fcvenilirli\u011fi ile olsun, T\u00fcrk\u00fcm Biomedikal M\u00fchendislik&nbsp; cihazlar\u0131n\u0131z\u0131n verimlili\u011fini ve \u00f6m\u00fcr\u00fcn\u00fc art\u0131racak&nbsp; i\u015f hedeflerinize ula\u015fman\u0131za yard\u0131mc\u0131 olacak&nbsp;tamir, bak\u0131m ve onar\u0131m hizmeti sunuyor.<\/p>\n\n\n\n<p>Bizim m\u00fchendislerimiz, kar\u015f\u0131la\u015fabilece\u011finiz her t\u00fcrl\u00fc sorunu gidermek ve \u00e7\u00f6zmek i\u00e7in 7 g\u00fcn 24 saat hizmetinizde.<\/p>\n\n\n\n<p>\u0130\u015finin professyonelleri olan m\u00fchendislerimize haftan\u0131n her g\u00fcn\u00fc ula\u015fa bilirsiniz.<\/p>\n\n\n\n<p>M\u0130DE MASALARI (FLOROSKOPI C\u0130HAZLARI)<\/p>\n\n\n\n<ul><li>GMM<\/li><li>MECALL<\/li><li>SIEMES<\/li><li>GENERAL ELECTRIC<\/li><li>VILLA<\/li><\/ul>\n\n\n\n<p>7 \/24 Teknik destek<\/p>\n\n\n\n<p>Telefon deste\u011fi<\/p>\n\n\n\n<p>+90 532 736 64 01<\/p>\n\n\n\n<h3><a href=\"https:\/\/tbmmedikal.com\/index.php\/iletisim\/\"><strong>Teknik<\/strong>&nbsp;Servis Taleb Formu<\/a>&nbsp;olu\u015ftur<\/h3>\n","protected":false},"excerpt":{"rendered":"<p>T\u00fcrk\u00fcm Biomedikal M\u00fchendislik \u043f\u0440\u0435\u0434\u043e\u0441\u0442\u0430\u0432\u043b\u044f\u0435\u0442 \u0443\u0441\u043b\u0443\u0433\u0438 \u043f\u043e \u0440\u0435\u043c\u043e\u043d\u0442\u0443, \u0442\u0435\u0445\u043d\u0438\u0447\u0435\u0441\u043a\u043e\u043c\u0443 \u043e\u0431\u0441\u043b\u0443\u0436\u0438\u0432\u0430\u043d\u0438\u044e \u0438 \u0440\u0435\u043c\u043e\u043d\u0442\u0443, \u0447\u0442\u043e\u0431\u044b \u043f\u043e\u043c\u043e\u0447\u044c \u0432\u0430\u043c \u0432 \u0434\u043e\u0441\u0442\u0438\u0436\u0435\u043d\u0438\u0438 \u0432\u0430\u0448\u0438\u0445 \u0431\u0438\u0437\u043d\u0435\u0441-\u0446\u0435\u043b\u0435\u0439, \u043a\u043e\u0442\u043e\u0440\u044b\u0435 \u043f\u043e\u0432\u044b\u0441\u044f\u0442 \u044d\u0444\u0444\u0435\u043a\u0442\u0438\u0432\u043d\u043e\u0441\u0442\u044c \u0438 \u0441\u0440\u043e\u043a \u0441\u043b\u0443\u0436\u0431\u044b \u0432\u0430\u0448\u0438\u0445 \u0443\u0441\u0442\u0440\u043e\u0439\u0441\u0442\u0432. \u041d\u0430\u0448\u0438 \u0438\u043d\u0436\u0435\u043d\u0435\u0440\u044b \u043a \u0432\u0430\u0448\u0438\u043c \u0443\u0441\u043b\u0443\u0433\u0430\u043c 24 \u0447\u0430\u0441\u0430 \u0432 \u0441\u0443\u0442\u043a\u0438, 7 \u0434\u043d\u0435\u0439 \u0432 \u043d\u0435\u0434\u0435\u043b\u044e, \u0447\u0442\u043e\u0431\u044b \u0440\u0435\u0448\u0438\u0442\u044c \u0438 \u0440\u0435\u0448\u0438\u0442\u044c \u043b\u044e\u0431\u044b\u0435 \u043f\u0440\u043e\u0431\u043b\u0435\u043c\u044b, \u0441 \u043a\u043e\u0442\u043e\u0440\u044b\u043c\u0438 \u0432\u044b \u043c\u043e\u0436\u0435\u0442\u0435 \u0441\u0442\u043e\u043b\u043a\u043d\u0443\u0442\u044c\u0441\u044f. \u0412\u044b \u043c\u043e\u0436\u0435\u0442\u0435 \u0441\u0432\u044f\u0437\u0430\u0442\u044c\u0441\u044f \u0441 \u043d\u0430\u0448\u0438\u043c\u0438&hellip;<\/p>\n","protected":false},"author":1,"featured_media":0,"parent":32,"menu_order":0,"comment_status":"closed","ping_status":"closed","template":"","meta":[],"yoast_head":"<!-- This site is optimized with the Yoast SEO plugin v16.1.1 - https:\/\/yoast.com\/wordpress\/plugins\/seo\/ -->\n<title>Floroskopi Tamir -<\/title>\n<meta name=\"robots\" content=\"index, follow, max-snippet:-1, max-image-preview:large, max-video-preview:-1\" \/>\n<link rel=\"canonical\" href=\"https:\/\/tbmmedikal.com\/teknik-servis\/floroskopi-tamir\/\" \/>\n<meta property=\"og:locale\" content=\"ru_RU\" \/>\n<meta property=\"og:type\" content=\"article\" \/>\n<meta property=\"og:title\" content=\"Floroskopi Tamir -\" \/>\n<meta property=\"og:description\" content=\"T\u00fcrk\u00fcm Biomedikal M\u00fchendislik \u043f\u0440\u0435\u0434\u043e\u0441\u0442\u0430\u0432\u043b\u044f\u0435\u0442 \u0443\u0441\u043b\u0443\u0433\u0438 \u043f\u043e \u0440\u0435\u043c\u043e\u043d\u0442\u0443, \u0442\u0435\u0445\u043d\u0438\u0447\u0435\u0441\u043a\u043e\u043c\u0443 \u043e\u0431\u0441\u043b\u0443\u0436\u0438\u0432\u0430\u043d\u0438\u044e \u0438 \u0440\u0435\u043c\u043e\u043d\u0442\u0443, \u0447\u0442\u043e\u0431\u044b \u043f\u043e\u043c\u043e\u0447\u044c \u0432\u0430\u043c \u0432 \u0434\u043e\u0441\u0442\u0438\u0436\u0435\u043d\u0438\u0438 \u0432\u0430\u0448\u0438\u0445 \u0431\u0438\u0437\u043d\u0435\u0441-\u0446\u0435\u043b\u0435\u0439, \u043a\u043e\u0442\u043e\u0440\u044b\u0435 \u043f\u043e\u0432\u044b\u0441\u044f\u0442 \u044d\u0444\u0444\u0435\u043a\u0442\u0438\u0432\u043d\u043e\u0441\u0442\u044c \u0438 \u0441\u0440\u043e\u043a \u0441\u043b\u0443\u0436\u0431\u044b \u0432\u0430\u0448\u0438\u0445 \u0443\u0441\u0442\u0440\u043e\u0439\u0441\u0442\u0432. \u041d\u0430\u0448\u0438 \u0438\u043d\u0436\u0435\u043d\u0435\u0440\u044b \u043a \u0432\u0430\u0448\u0438\u043c \u0443\u0441\u043b\u0443\u0433\u0430\u043c 24 \u0447\u0430\u0441\u0430 \u0432 \u0441\u0443\u0442\u043a\u0438, 7 \u0434\u043d\u0435\u0439 \u0432 \u043d\u0435\u0434\u0435\u043b\u044e, \u0447\u0442\u043e\u0431\u044b \u0440\u0435\u0448\u0438\u0442\u044c \u0438 \u0440\u0435\u0448\u0438\u0442\u044c \u043b\u044e\u0431\u044b\u0435 \u043f\u0440\u043e\u0431\u043b\u0435\u043c\u044b, \u0441 \u043a\u043e\u0442\u043e\u0440\u044b\u043c\u0438 \u0432\u044b \u043c\u043e\u0436\u0435\u0442\u0435 \u0441\u0442\u043e\u043b\u043a\u043d\u0443\u0442\u044c\u0441\u044f. \u0412\u044b \u043c\u043e\u0436\u0435\u0442\u0435 \u0441\u0432\u044f\u0437\u0430\u0442\u044c\u0441\u044f \u0441 \u043d\u0430\u0448\u0438\u043c\u0438&hellip;\" \/>\n<meta property=\"og:url\" content=\"https:\/\/tbmmedikal.com\/teknik-servis\/floroskopi-tamir\/\" \/>\n<meta property=\"article:modified_time\" content=\"2021-04-25T17:56:07+00:00\" \/>\n<meta property=\"og:image\" content=\"https:\/\/tbmmedikal.com\/wp-content\/uploads\/2020\/07\/azerbaycan.2jpg.jpg\" \/>\n<meta name=\"twitter:card\" content=\"summary_large_image\" \/>\n<meta name=\"twitter:label1\" content=\"\u041f\u0440\u0438\u043c\u0435\u0440\u043d\u043e\u0435 \u0432\u0440\u0435\u043c\u044f \u0434\u043b\u044f \u0447\u0442\u0435\u043d\u0438\u044f\">\n\t<meta name=\"twitter:data1\" content=\"1 \u043c\u0438\u043d\u0443\u0442\u0430\">\n<script type=\"application\/ld+json\" class=\"yoast-schema-graph\">{\"@context\":\"https:\/\/schema.org\",\"@graph\":[{\"@type\":\"WebSite\",\"@id\":\"https:\/\/tbmmedikal.com\/#website\",\"url\":\"https:\/\/tbmmedikal.com\/\",\"name\":\"\",\"description\":\"T\\u00fcrk\\u00fcm \\u0411\\u0438\\u043e\\u043c\\u0435\\u0434\\u0438\\u0446\\u0438\\u043d\\u0441\\u043a\\u0430\\u044f \\u0438\\u043d\\u0436\\u0435\\u043d\\u0435\\u0440\\u0438\\u044f\",\"potentialAction\":[{\"@type\":\"SearchAction\",\"target\":\"https:\/\/tbmmedikal.com\/?s={search_term_string}\",\"query-input\":\"required name=search_term_string\"}],\"inLanguage\":\"ru-RU\"},{\"@type\":\"ImageObject\",\"@id\":\"https:\/\/tbmmedikal.com\/teknik-servis\/floroskopi-tamir\/#primaryimage\",\"inLanguage\":\"ru-RU\",\"url\":\"https:\/\/tbmmedikal.com\/wp-content\/uploads\/2020\/07\/azerbaycan.2jpg.jpg\",\"contentUrl\":\"https:\/\/tbmmedikal.com\/wp-content\/uploads\/2020\/07\/azerbaycan.2jpg.jpg\",\"width\":960,\"height\":720},{\"@type\":\"WebPage\",\"@id\":\"https:\/\/tbmmedikal.com\/teknik-servis\/floroskopi-tamir\/#webpage\",\"url\":\"https:\/\/tbmmedikal.com\/teknik-servis\/floroskopi-tamir\/\",\"name\":\"Floroskopi Tamir -\",\"isPartOf\":{\"@id\":\"https:\/\/tbmmedikal.com\/#website\"},\"primaryImageOfPage\":{\"@id\":\"https:\/\/tbmmedikal.com\/teknik-servis\/floroskopi-tamir\/#primaryimage\"},\"datePublished\":\"2020-07-11T08:25:53+00:00\",\"dateModified\":\"2021-04-25T17:56:07+00:00\",\"breadcrumb\":{\"@id\":\"https:\/\/tbmmedikal.com\/teknik-servis\/floroskopi-tamir\/#breadcrumb\"},\"inLanguage\":\"ru-RU\",\"potentialAction\":[{\"@type\":\"ReadAction\",\"target\":[\"https:\/\/tbmmedikal.com\/teknik-servis\/floroskopi-tamir\/\"]}]},{\"@type\":\"BreadcrumbList\",\"@id\":\"https:\/\/tbmmedikal.com\/teknik-servis\/floroskopi-tamir\/#breadcrumb\",\"itemListElement\":[{\"@type\":\"ListItem\",\"position\":1,\"item\":{\"@type\":\"WebPage\",\"@id\":\"https:\/\/tbmmedikal.com\/\",\"url\":\"https:\/\/tbmmedikal.com\/\",\"name\":\"Ana sayfa\"}},{\"@type\":\"ListItem\",\"position\":2,\"item\":{\"@type\":\"WebPage\",\"@id\":\"https:\/\/tbmmedikal.com\/teknik-servis\/\",\"url\":\"https:\/\/tbmmedikal.com\/teknik-servis\/\",\"name\":\"TEKN\\u0130K SERV\\u0130S\"}},{\"@type\":\"ListItem\",\"position\":3,\"item\":{\"@type\":\"WebPage\",\"@id\":\"https:\/\/tbmmedikal.com\/teknik-servis\/floroskopi-tamir\/\",\"url\":\"https:\/\/tbmmedikal.com\/teknik-servis\/floroskopi-tamir\/\",\"name\":\"Floroskopi Tamir\"}}]}]}<\/script>\n<!-- \/ Yoast SEO plugin. -->","_links":{"self":[{"href":"https:\/\/tbmmedikal.com\/ru\/wp-json\/wp\/v2\/pages\/145"}],"collection":[{"href":"https:\/\/tbmmedikal.com\/ru\/wp-json\/wp\/v2\/pages"}],"about":[{"href":"https:\/\/tbmmedikal.com\/ru\/wp-json\/wp\/v2\/types\/page"}],"author":[{"embeddable":true,"href":"https:\/\/tbmmedikal.com\/ru\/wp-json\/wp\/v2\/users\/1"}],"replies":[{"embeddable":true,"href":"https:\/\/tbmmedikal.com\/ru\/wp-json\/wp\/v2\/comments?post=145"}],"version-history":[{"count":9,"href":"https:\/\/tbmmedikal.com\/ru\/wp-json\/wp\/v2\/pages\/145\/revisions"}],"predecessor-version":[{"id":652,"href":"https:\/\/tbmmedikal.com\/ru\/wp-json\/wp\/v2\/pages\/145\/revisions\/652"}],"up":[{"embeddable":true,"href":"https:\/\/tbmmedikal.com\/ru\/wp-json\/wp\/v2\/pages\/32"}],"wp:attachment":[{"href":"https:\/\/tbmmedikal.com\/ru\/wp-json\/wp\/v2\/media?parent=145"}],"curies":[{"name":"wp","href":"https:\/\/api.w.org\/{rel}","templated":true}]}}