{"id":130,"date":"2020-07-11T11:10:39","date_gmt":"2020-07-11T08:10:39","guid":{"rendered":"https:\/\/tbmmedikal.com\/?page_id=130"},"modified":"2021-04-25T21:23:05","modified_gmt":"2021-04-25T18:23:05","slug":"peryodik-bakim","status":"publish","type":"page","link":"https:\/\/tbmmedikal.com\/ru\/teknik-servis\/peryodik-bakim\/","title":{"rendered":"Peryodik Bak\u0131m"},"content":{"rendered":"\n<section id=\"gm1cda5b8\" class=\"wp-block-gutentor-m5 section-gm1cda5b8 gutentor-module gutentor-module-slider gutentor-slick-a-default-desktop gutentor-module-caption-enabled\"><div class=\"gutentor-module-slider-row\" data-dots=\"false\" data-dotstablet=\"\" data-dotsmobile=\"\" data-nextarrow=\"fas fa-angle-right\" data-prevarrow=\"fas fa-angle-left\" data-arrowspositiondesktop=\"gutentor-slick-a-default-desktop\" data-arrows=\"true\" data-arrowstablet=\"true\" data-arrowsmobile=\"true\" data-speed=\"300\" data-fade=\"false\" data-infinite=\"false\" data-autoplay=\"false\" data-autoplayspeed=\"300\">\n<div id=\"col-gm31161f\" class=\"wp-block-gutentor-m5-col col-gm31161f gutentor-slider-item\"><div id=\"section-gm31161f\" class=\"section-gm31161f gutentor-col-wrap has-image-normal has-custom-bg\"><img src=\"https:\/\/tbmmedikal.com\/wp-content\/uploads\/2021\/04\/WhatsApp-Image-2021-04-25-at-13.31.10-e1619344513670.jpeg\" alt=\"\"\/><div class=\"gutentor-slider-caption\"><div class=\"grid-container\"><\/div><\/div><\/div><\/div>\n\n\n\n<div id=\"col-gma25ad5\" class=\"wp-block-gutentor-m5-col col-gma25ad5 gutentor-slider-item\"><div id=\"section-gma25ad5\" class=\"section-gma25ad5 gutentor-col-wrap has-image-normal has-custom-bg\"><img src=\"https:\/\/tbmmedikal.com\/wp-content\/uploads\/2021\/04\/WhatsApp-Image-2021-04-24-at-18.14.50.jpeg\" alt=\"\"\/><div class=\"gutentor-slider-caption\"><div class=\"grid-container\"><\/div><\/div><\/div><\/div>\n\n\n\n<div id=\"col-gm7bd0d1\" class=\"wp-block-gutentor-m5-col col-gm7bd0d1 gutentor-slider-item\"><div id=\"section-gm7bd0d1\" class=\"section-gm7bd0d1 gutentor-col-wrap has-image-normal has-custom-bg\"><img src=\"https:\/\/tbmmedikal.com\/wp-content\/uploads\/2021\/04\/WhatsApp-Image-2021-04-24-at-18.09.05.jpeg\" alt=\"\"\/><div class=\"gutentor-slider-caption\"><div class=\"grid-container\"><\/div><\/div><\/div><\/div>\n\n\n\n<div id=\"col-gm18a13d\" class=\"wp-block-gutentor-m5-col col-gm18a13d gutentor-slider-item\"><div id=\"section-gm18a13d\" class=\"section-gm18a13d gutentor-col-wrap has-image-normal has-custom-bg\"><img src=\"https:\/\/tbmmedikal.com\/wp-content\/uploads\/2021\/04\/WhatsApp-Image-2021-04-24-at-18.14.46-1.jpeg\" alt=\"\"\/><div class=\"gutentor-slider-caption\"><div class=\"grid-container\"><\/div><\/div><\/div><\/div>\n<\/div><\/section>\n\n\n<div>\u00a0<\/div>\n<p>Cihazlar\u0131n\u0131z\u0131n \u00e7al\u0131\u015fma s\u00fcresi ve verimlili\u011fi en \u00fcst d\u00fczeyde ola bilmesi i\u00e7in\u00a0 fabrikan\u0131n \u00f6nerdi\u011fi zamanlarda d\u00fczenli olarak bak\u0131m yap\u0131lmal\u0131 ayarlar kontrol edilmelidir. TBM olarak peryodik bak\u0131m hizmeti sunuyoruz<\/p>\n<p>\u0130ster tek seferlik bir hizmet etkinli\u011fi ile ister\u00a0 bir hizmet s\u00f6zle\u015fmesinin g\u00fcvenilirli\u011fi ile olsun, T\u00fcrk\u00fcm Biomedikal M\u00fchendislik\u00a0 cihazlar\u0131n\u0131z\u0131n verimlili\u011fini ve \u00f6m\u00fcr\u00fcn\u00fc art\u0131racak\u00a0 i\u015f hedeflerinize ula\u015fman\u0131za yard\u0131mc\u0131 olacak\u00a0 bak\u0131m ve onar\u0131m hizmeti sunuyor.<\/p>\n<p>Bizim m\u00fchendislerimiz, kar\u015f\u0131la\u015fabilece\u011finiz her t\u00fcrl\u00fc sorunu gidermek ve \u00e7\u00f6zmek i\u00e7in 7 g\u00fcn 24 saat hizmetinizde.<\/p>\n<p>\u0130\u015finin professyonelleri olan m\u00fchendislerimize haft\u0131n her g\u00fcn\u00fc ula\u015fa bilirsiniz.<\/p>\n<p>7 \/24 Teknik destek<\/p>\n<p>Telefon deste\u011fi<\/p>\n<p>+90 532 736 64 01<\/p>\n<h3><a href=\"https:\/\/tbmmedikal.com\/index.php\/iletisim\/\"><strong>Teknik<\/strong> Servis Taleb Formu<\/a> olu\u015ftur<\/h3>","protected":false},"excerpt":{"rendered":"","protected":false},"author":1,"featured_media":0,"parent":32,"menu_order":0,"comment_status":"closed","ping_status":"closed","template":"","meta":[],"yoast_head":"<!-- This site is optimized with the Yoast SEO plugin v16.1.1 - https:\/\/yoast.com\/wordpress\/plugins\/seo\/ -->\n<title>Peryodik Bak\u0131m -<\/title>\n<meta name=\"robots\" content=\"index, follow, max-snippet:-1, max-image-preview:large, max-video-preview:-1\" \/>\n<link rel=\"canonical\" href=\"https:\/\/tbmmedikal.com\/teknik-servis\/peryodik-bakim\/\" \/>\n<meta property=\"og:locale\" content=\"ru_RU\" \/>\n<meta property=\"og:type\" content=\"article\" \/>\n<meta property=\"og:title\" content=\"Peryodik Bak\u0131m -\" \/>\n<meta property=\"og:url\" content=\"https:\/\/tbmmedikal.com\/teknik-servis\/peryodik-bakim\/\" \/>\n<meta property=\"article:modified_time\" content=\"2021-04-25T18:23:05+00:00\" \/>\n<meta property=\"og:image\" content=\"https:\/\/tbmmedikal.com\/wp-content\/uploads\/2021\/04\/WhatsApp-Image-2021-04-25-at-13.31.10-e1619344513670.jpeg\" \/>\n<meta name=\"twitter:card\" content=\"summary_large_image\" \/>\n<meta name=\"twitter:label1\" content=\"\u041f\u0440\u0438\u043c\u0435\u0440\u043d\u043e\u0435 \u0432\u0440\u0435\u043c\u044f \u0434\u043b\u044f \u0447\u0442\u0435\u043d\u0438\u044f\">\n\t<meta name=\"twitter:data1\" content=\"2 \u043c\u0438\u043d\u0443\u0442\u044b\">\n<script type=\"application\/ld+json\" class=\"yoast-schema-graph\">{\"@context\":\"https:\/\/schema.org\",\"@graph\":[{\"@type\":\"WebSite\",\"@id\":\"https:\/\/tbmmedikal.com\/#website\",\"url\":\"https:\/\/tbmmedikal.com\/\",\"name\":\"\",\"description\":\"T\\u00fcrk\\u00fcm \\u0411\\u0438\\u043e\\u043c\\u0435\\u0434\\u0438\\u0446\\u0438\\u043d\\u0441\\u043a\\u0430\\u044f \\u0438\\u043d\\u0436\\u0435\\u043d\\u0435\\u0440\\u0438\\u044f\",\"potentialAction\":[{\"@type\":\"SearchAction\",\"target\":\"https:\/\/tbmmedikal.com\/?s={search_term_string}\",\"query-input\":\"required name=search_term_string\"}],\"inLanguage\":\"ru-RU\"},{\"@type\":\"ImageObject\",\"@id\":\"https:\/\/tbmmedikal.com\/teknik-servis\/peryodik-bakim\/#primaryimage\",\"inLanguage\":\"ru-RU\",\"url\":\"https:\/\/tbmmedikal.com\/wp-content\/uploads\/2021\/04\/WhatsApp-Image-2021-04-25-at-13.31.10-e1619344513670.jpeg\",\"contentUrl\":\"https:\/\/tbmmedikal.com\/wp-content\/uploads\/2021\/04\/WhatsApp-Image-2021-04-25-at-13.31.10-e1619344513670.jpeg\",\"width\":960,\"height\":960},{\"@type\":\"WebPage\",\"@id\":\"https:\/\/tbmmedikal.com\/teknik-servis\/peryodik-bakim\/#webpage\",\"url\":\"https:\/\/tbmmedikal.com\/teknik-servis\/peryodik-bakim\/\",\"name\":\"Peryodik Bak\\u0131m -\",\"isPartOf\":{\"@id\":\"https:\/\/tbmmedikal.com\/#website\"},\"primaryImageOfPage\":{\"@id\":\"https:\/\/tbmmedikal.com\/teknik-servis\/peryodik-bakim\/#primaryimage\"},\"datePublished\":\"2020-07-11T08:10:39+00:00\",\"dateModified\":\"2021-04-25T18:23:05+00:00\",\"breadcrumb\":{\"@id\":\"https:\/\/tbmmedikal.com\/teknik-servis\/peryodik-bakim\/#breadcrumb\"},\"inLanguage\":\"ru-RU\",\"potentialAction\":[{\"@type\":\"ReadAction\",\"target\":[\"https:\/\/tbmmedikal.com\/teknik-servis\/peryodik-bakim\/\"]}]},{\"@type\":\"BreadcrumbList\",\"@id\":\"https:\/\/tbmmedikal.com\/teknik-servis\/peryodik-bakim\/#breadcrumb\",\"itemListElement\":[{\"@type\":\"ListItem\",\"position\":1,\"item\":{\"@type\":\"WebPage\",\"@id\":\"https:\/\/tbmmedikal.com\/\",\"url\":\"https:\/\/tbmmedikal.com\/\",\"name\":\"Ana sayfa\"}},{\"@type\":\"ListItem\",\"position\":2,\"item\":{\"@type\":\"WebPage\",\"@id\":\"https:\/\/tbmmedikal.com\/teknik-servis\/\",\"url\":\"https:\/\/tbmmedikal.com\/teknik-servis\/\",\"name\":\"TEKN\\u0130K SERV\\u0130S\"}},{\"@type\":\"ListItem\",\"position\":3,\"item\":{\"@type\":\"WebPage\",\"@id\":\"https:\/\/tbmmedikal.com\/teknik-servis\/peryodik-bakim\/\",\"url\":\"https:\/\/tbmmedikal.com\/teknik-servis\/peryodik-bakim\/\",\"name\":\"Peryodik Bak\\u0131m\"}}]}]}<\/script>\n<!-- \/ Yoast SEO plugin. -->","_links":{"self":[{"href":"https:\/\/tbmmedikal.com\/ru\/wp-json\/wp\/v2\/pages\/130"}],"collection":[{"href":"https:\/\/tbmmedikal.com\/ru\/wp-json\/wp\/v2\/pages"}],"about":[{"href":"https:\/\/tbmmedikal.com\/ru\/wp-json\/wp\/v2\/types\/page"}],"author":[{"embeddable":true,"href":"https:\/\/tbmmedikal.com\/ru\/wp-json\/wp\/v2\/users\/1"}],"replies":[{"embeddable":true,"href":"https:\/\/tbmmedikal.com\/ru\/wp-json\/wp\/v2\/comments?post=130"}],"version-history":[{"count":1,"href":"https:\/\/tbmmedikal.com\/ru\/wp-json\/wp\/v2\/pages\/130\/revisions"}],"predecessor-version":[{"id":669,"href":"https:\/\/tbmmedikal.com\/ru\/wp-json\/wp\/v2\/pages\/130\/revisions\/669"}],"up":[{"embeddable":true,"href":"https:\/\/tbmmedikal.com\/ru\/wp-json\/wp\/v2\/pages\/32"}],"wp:attachment":[{"href":"https:\/\/tbmmedikal.com\/ru\/wp-json\/wp\/v2\/media?parent=130"}],"curies":[{"name":"wp","href":"https:\/\/api.w.org\/{rel}","templated":true}]}}