{"id":653,"date":"2021-04-25T21:10:41","date_gmt":"2021-04-25T18:10:41","guid":{"rendered":"https:\/\/tbmmedikal.com\/?page_id=653"},"modified":"2021-04-25T21:17:42","modified_gmt":"2021-04-25T18:17:42","slug":"dedektor-tamir","status":"publish","type":"page","link":"https:\/\/tbmmedikal.com\/en\/dedektor-tamir\/","title":{"rendered":"Dedekt\u00f6r Tamir"},"content":{"rendered":"\n<section id=\"gm2c2f85b\" class=\"wp-block-gutentor-m5 section-gm2c2f85b gutentor-module gutentor-module-slider gutentor-slick-a-default-desktop gutentor-module-caption-enabled\"><div class=\"gutentor-module-slider-row\" data-dots=\"false\" data-dotstablet=\"\" data-dotsmobile=\"\" data-nextarrow=\"fas fa-angle-right\" data-prevarrow=\"fas fa-angle-left\" data-arrowspositiondesktop=\"gutentor-slick-a-default-desktop\" data-arrows=\"true\" data-arrowstablet=\"true\" data-arrowsmobile=\"true\" data-speed=\"300\" data-fade=\"false\" data-infinite=\"false\" data-autoplay=\"false\" data-autoplayspeed=\"300\">\n<div id=\"col-gm7e352d\" class=\"wp-block-gutentor-m5-col col-gm7e352d gutentor-slider-item\"><div id=\"section-gm7e352d\" class=\"section-gm7e352d gutentor-col-wrap has-image-normal has-custom-bg\"><img src=\"https:\/\/tbmmedikal.com\/wp-content\/uploads\/2021\/04\/WhatsApp-Image-2021-04-24-at-18.53.29.jpeg\" alt=\"\"\/><div class=\"gutentor-slider-caption\"><div class=\"grid-container\"><\/div><\/div><\/div><\/div>\n\n\n\n<div id=\"col-gm5a15ac\" class=\"wp-block-gutentor-m5-col col-gm5a15ac gutentor-slider-item\"><div id=\"section-gm5a15ac\" class=\"section-gm5a15ac gutentor-col-wrap has-image-normal has-custom-bg\"><img src=\"https:\/\/tbmmedikal.com\/wp-content\/uploads\/2021\/04\/WhatsApp-Image-2021-04-24-at-18.53.29-3.jpeg\" alt=\"\"\/><div class=\"gutentor-slider-caption\"><div class=\"grid-container\"><\/div><\/div><\/div><\/div>\n\n\n\n<div id=\"col-gm15bdd5\" class=\"wp-block-gutentor-m5-col col-gm15bdd5 gutentor-slider-item\"><div id=\"section-gm15bdd5\" class=\"section-gm15bdd5 gutentor-col-wrap has-image-normal has-custom-bg\"><img src=\"https:\/\/tbmmedikal.com\/wp-content\/uploads\/2021\/04\/WhatsApp-Image-2021-04-24-at-18.53.29-2.jpeg\" alt=\"\"\/><div class=\"gutentor-slider-caption\"><div class=\"grid-container\"><\/div><\/div><\/div><\/div>\n<\/div><\/section>\n\n\n\n<p> <\/p>\n\n\n\n<p class=\"has-black-color has-text-color\" style=\"font-size:18px\">\u0130ster tek seferlik bir hizmet etkinli\u011fi ile ister&nbsp; bir hizmet s\u00f6zle\u015fmesinin g\u00fcvenilirli\u011fi ile olsun, T\u00fcrk\u00fcm Biomedikal M\u00fchendislik&nbsp; cihazlar\u0131n\u0131z\u0131n verimlili\u011fini ve \u00f6m\u00fcr\u00fcn\u00fc art\u0131racak&nbsp; i\u015f hedeflerinize ula\u015fman\u0131za yard\u0131mc\u0131 olacak&nbsp;tamir, bak\u0131m ve onar\u0131m hizmeti sunuyor.<\/p>\n\n\n\n<p class=\"has-black-color has-text-color\" style=\"font-size:18px\">Bizim m\u00fchendislerimiz, kar\u015f\u0131la\u015fabilece\u011finiz her t\u00fcrl\u00fc sorunu gidermek ve \u00e7\u00f6zmek i\u00e7in 7 g\u00fcn 24 saat hizmetinizde.<\/p>\n\n\n\n<p class=\"has-black-color has-text-color\" style=\"font-size:18px\">\u0130\u015finin professyonelleri olan m\u00fchendislerimize haftan\u0131n her g\u00fcn\u00fc ula\u015fa bilirsiniz.<\/p>\n\n\n\n<p class=\"has-black-color has-text-color\" style=\"font-size:18px\"> Dedekt\u00f6r tamiri<\/p>\n\n\n\n<p class=\"has-black-color has-text-color\" style=\"font-size:18px\">HER T\u00dcRL\u00dc DEDEKT\u00d6R\u00dcN\u00dcZ TAM\u0130R ED\u0130L\u0130R<\/p>\n\n\n\n<p><\/p>\n","protected":false},"excerpt":{"rendered":"<p>Whether with a one-off service activity or with the reliability of a service contract, T\u00fcrk\u00fcm Biomedikal Engineering offers repair, maintenance and repair services that will help you reach your business goals that will increase the efficiency and life of your devices.Our engineers are at your service 24\/7 to troubleshoot and solve any problems you may&hellip;<\/p>\n","protected":false},"author":1,"featured_media":0,"parent":0,"menu_order":0,"comment_status":"closed","ping_status":"closed","template":"","meta":[],"yoast_head":"<!-- This site is optimized with the Yoast SEO plugin v16.1.1 - https:\/\/yoast.com\/wordpress\/plugins\/seo\/ -->\n<title>Dedekt\u00f6r Tamir -<\/title>\n<meta name=\"robots\" content=\"index, follow, max-snippet:-1, max-image-preview:large, max-video-preview:-1\" \/>\n<link rel=\"canonical\" href=\"https:\/\/tbmmedikal.com\/dedektor-tamir\/\" \/>\n<meta property=\"og:locale\" content=\"en_US\" \/>\n<meta property=\"og:type\" content=\"article\" \/>\n<meta property=\"og:title\" content=\"Dedekt\u00f6r Tamir -\" \/>\n<meta property=\"og:description\" content=\"Whether with a one-off service activity or with the reliability of a service contract, T\u00fcrk\u00fcm Biomedikal Engineering offers repair, maintenance and repair services that will help you reach your business goals that will increase the efficiency and life of your devices.Our engineers are at your service 24\/7 to troubleshoot and solve any problems you may&hellip;\" \/>\n<meta property=\"og:url\" content=\"https:\/\/tbmmedikal.com\/dedektor-tamir\/\" \/>\n<meta property=\"article:modified_time\" content=\"2021-04-25T18:17:42+00:00\" \/>\n<meta property=\"og:image\" content=\"https:\/\/tbmmedikal.com\/wp-content\/uploads\/2021\/04\/WhatsApp-Image-2021-04-24-at-18.53.29.jpeg\" \/>\n<meta name=\"twitter:card\" content=\"summary_large_image\" \/>\n<meta name=\"twitter:label1\" content=\"Est. reading time\">\n\t<meta name=\"twitter:data1\" content=\"1 minute\">\n<script type=\"application\/ld+json\" class=\"yoast-schema-graph\">{\"@context\":\"https:\/\/schema.org\",\"@graph\":[{\"@type\":\"WebSite\",\"@id\":\"https:\/\/tbmmedikal.com\/#website\",\"url\":\"https:\/\/tbmmedikal.com\/\",\"name\":\"\",\"description\":\"T\\u00fcrk\\u00fcm Biomedical Engineering\",\"potentialAction\":[{\"@type\":\"SearchAction\",\"target\":\"https:\/\/tbmmedikal.com\/?s={search_term_string}\",\"query-input\":\"required name=search_term_string\"}],\"inLanguage\":\"en-US\"},{\"@type\":\"ImageObject\",\"@id\":\"https:\/\/tbmmedikal.com\/dedektor-tamir\/#primaryimage\",\"inLanguage\":\"en-US\",\"url\":\"https:\/\/tbmmedikal.com\/wp-content\/uploads\/2021\/04\/WhatsApp-Image-2021-04-24-at-18.53.29.jpeg\",\"contentUrl\":\"https:\/\/tbmmedikal.com\/wp-content\/uploads\/2021\/04\/WhatsApp-Image-2021-04-24-at-18.53.29.jpeg\",\"width\":768,\"height\":1024},{\"@type\":\"WebPage\",\"@id\":\"https:\/\/tbmmedikal.com\/dedektor-tamir\/#webpage\",\"url\":\"https:\/\/tbmmedikal.com\/dedektor-tamir\/\",\"name\":\"Dedekt\\u00f6r Tamir -\",\"isPartOf\":{\"@id\":\"https:\/\/tbmmedikal.com\/#website\"},\"primaryImageOfPage\":{\"@id\":\"https:\/\/tbmmedikal.com\/dedektor-tamir\/#primaryimage\"},\"datePublished\":\"2021-04-25T18:10:41+00:00\",\"dateModified\":\"2021-04-25T18:17:42+00:00\",\"breadcrumb\":{\"@id\":\"https:\/\/tbmmedikal.com\/dedektor-tamir\/#breadcrumb\"},\"inLanguage\":\"en-US\",\"potentialAction\":[{\"@type\":\"ReadAction\",\"target\":[\"https:\/\/tbmmedikal.com\/dedektor-tamir\/\"]}]},{\"@type\":\"BreadcrumbList\",\"@id\":\"https:\/\/tbmmedikal.com\/dedektor-tamir\/#breadcrumb\",\"itemListElement\":[{\"@type\":\"ListItem\",\"position\":1,\"item\":{\"@type\":\"WebPage\",\"@id\":\"https:\/\/tbmmedikal.com\/\",\"url\":\"https:\/\/tbmmedikal.com\/\",\"name\":\"Ana sayfa\"}},{\"@type\":\"ListItem\",\"position\":2,\"item\":{\"@type\":\"WebPage\",\"@id\":\"https:\/\/tbmmedikal.com\/dedektor-tamir\/\",\"url\":\"https:\/\/tbmmedikal.com\/dedektor-tamir\/\",\"name\":\"Dedekt\\u00f6r Tamir\"}}]}]}<\/script>\n<!-- \/ Yoast SEO plugin. -->","_links":{"self":[{"href":"https:\/\/tbmmedikal.com\/en\/wp-json\/wp\/v2\/pages\/653"}],"collection":[{"href":"https:\/\/tbmmedikal.com\/en\/wp-json\/wp\/v2\/pages"}],"about":[{"href":"https:\/\/tbmmedikal.com\/en\/wp-json\/wp\/v2\/types\/page"}],"author":[{"embeddable":true,"href":"https:\/\/tbmmedikal.com\/en\/wp-json\/wp\/v2\/users\/1"}],"replies":[{"embeddable":true,"href":"https:\/\/tbmmedikal.com\/en\/wp-json\/wp\/v2\/comments?post=653"}],"version-history":[{"count":7,"href":"https:\/\/tbmmedikal.com\/en\/wp-json\/wp\/v2\/pages\/653\/revisions"}],"predecessor-version":[{"id":666,"href":"https:\/\/tbmmedikal.com\/en\/wp-json\/wp\/v2\/pages\/653\/revisions\/666"}],"wp:attachment":[{"href":"https:\/\/tbmmedikal.com\/en\/wp-json\/wp\/v2\/media?parent=653"}],"curies":[{"name":"wp","href":"https:\/\/api.w.org\/{rel}","templated":true}]}}