{"id":31,"date":"2020-07-06T20:59:58","date_gmt":"2020-07-06T17:59:58","guid":{"rendered":"https:\/\/tbmmedikal.com\/?page_id=31"},"modified":"2021-04-25T11:31:56","modified_gmt":"2021-04-25T08:31:56","slug":"hakkimizda","status":"publish","type":"page","link":"https:\/\/tbmmedikal.com\/en\/hakkimizda\/","title":{"rendered":"ABOUT US"},"content":{"rendered":"\n<h2>                       <\/h2>\n\n\n\n<h2>     T\u00fcrk\u00fcm Biyomedikal M\u00fchendislik<\/h2>\n\n\n\n<h3>T\u00fcrk\u00fcm Biyomedikal M\u00fchendislik uzun y\u0131llar medikal sistemler alan\u0131nda farkl\u0131 firmalarda \u00e7al\u0131\u015fm\u0131\u015f konusunda tecr\u00fcbeli ki\u015filerin bir araya gelmesi ile faaliyetlerine ba\u015flam\u0131\u015f ve devam etmektedir. Radyoloji alan\u0131nda kendi \u00fclkesinde ve T\u00fcrkiye\u2019de bir \u00e7ok projelerde yer alm\u0131\u015fd\u0131r.<\/h3>\n\n\n\n<h3>T\u00fcrk\u00fcm Biyomedikal M\u00fchendislik radyolojinin d\u00fcnya \u00fczerinde ki g\u00fcncel ve teknolojik geli\u015fmelerini takip ederek, \u00fclkemiz sa\u011fl\u0131k sekt\u00f6r\u00fcn\u00fcn hizmetine sunmaktad\u0131r.   T\u00fcrk\u00fcm Biyomedikal M\u00fchendislik ko\u015fulsuz m\u00fc\u015fteri memnuniyeti esas\u0131na dayal\u0131 pazarlama ve sat\u0131\u015f sonras\u0131 teknik servis hizmetlerini eksiksiz ve tam zaman\u0131nda vermemizde bizden desteklerini esirgemeyen yurti\u00e7i ve yurtd\u0131\u015f\u0131 \u00e7\u00f6z\u00fcm ortaklar\u0131m\u0131za te\u015fekk\u00fcr ederiz.<\/h3>\n\n\n\n<p><\/p>\n","protected":false},"excerpt":{"rendered":"<p>T\u00fcrk\u00fcm Biomedical Engineering T\u00fcrk\u00fcm Biomedical Engineering started and continues its activities with the gathering of people who have worked in different companies in the field of medical systems for many years. In the field of radiology in his own country and a lot of projects in Turkey ICLEI.T\u00fcrk\u00fcm Bioedical Engineering follows the current and technological&hellip;<\/p>\n","protected":false},"author":1,"featured_media":586,"parent":0,"menu_order":0,"comment_status":"closed","ping_status":"closed","template":"","meta":[],"yoast_head":"<!-- This site is optimized with the Yoast SEO plugin v16.1.1 - https:\/\/yoast.com\/wordpress\/plugins\/seo\/ -->\n<title>HAKKIMIZDA -<\/title>\n<meta name=\"description\" content=\"T\u00fcrk\u00fcm Biomedical Engineering started and continues its activities with the gathering of people who have worked in different companies in the field of medical systems for many years. In the field of radiology in his own country and a lot of projects in Turkey ICLEI.T\u00fcrk\u00fcm Bioedical Engineering follows the current and technological developments of radiology in the world and offers it to the service of our country&#039;s health sector. We would like to thank our domestic and international solution partners who did not support us in providing full and timely marketing and after-sales technical services based on T\u00fcrk\u00fcm Bioedical Engineering unconditional customer satisfaction.\" \/>\n<meta name=\"robots\" content=\"index, follow, max-snippet:-1, max-image-preview:large, max-video-preview:-1\" \/>\n<link rel=\"canonical\" href=\"https:\/\/tbmmedikal.com\/hakkimizda\/\" \/>\n<meta property=\"og:locale\" content=\"en_US\" \/>\n<meta property=\"og:type\" content=\"article\" \/>\n<meta property=\"og:title\" content=\"HAKKIMIZDA -\" \/>\n<meta property=\"og:description\" content=\"T\u00fcrk\u00fcm Biomedical Engineering started and continues its activities with the gathering of people who have worked in different companies in the field of medical systems for many years. In the field of radiology in his own country and a lot of projects in Turkey ICLEI.T\u00fcrk\u00fcm Bioedical Engineering follows the current and technological developments of radiology in the world and offers it to the service of our country&#039;s health sector. We would like to thank our domestic and international solution partners who did not support us in providing full and timely marketing and after-sales technical services based on T\u00fcrk\u00fcm Bioedical Engineering unconditional customer satisfaction.\" \/>\n<meta property=\"og:url\" content=\"https:\/\/tbmmedikal.com\/hakkimizda\/\" \/>\n<meta property=\"article:modified_time\" content=\"2021-04-25T08:31:56+00:00\" \/>\n<meta property=\"og:image\" content=\"https:\/\/tbmmedikal.com\/wp-content\/uploads\/2021\/04\/WhatsApp-Image-2021-04-24-at-15.07.32.jpeg\" \/>\n\t<meta property=\"og:image:width\" content=\"1600\" \/>\n\t<meta property=\"og:image:height\" content=\"1599\" \/>\n<meta name=\"twitter:card\" content=\"summary_large_image\" \/>\n<meta name=\"twitter:label1\" content=\"Est. reading time\">\n\t<meta name=\"twitter:data1\" content=\"1 minute\">\n<script type=\"application\/ld+json\" class=\"yoast-schema-graph\">{\"@context\":\"https:\/\/schema.org\",\"@graph\":[{\"@type\":\"WebSite\",\"@id\":\"https:\/\/tbmmedikal.com\/#website\",\"url\":\"https:\/\/tbmmedikal.com\/\",\"name\":\"\",\"description\":\"T\\u00fcrk\\u00fcm Biomedical Engineering\",\"potentialAction\":[{\"@type\":\"SearchAction\",\"target\":\"https:\/\/tbmmedikal.com\/?s={search_term_string}\",\"query-input\":\"required name=search_term_string\"}],\"inLanguage\":\"en-US\"},{\"@type\":\"ImageObject\",\"@id\":\"https:\/\/tbmmedikal.com\/hakkimizda\/#primaryimage\",\"inLanguage\":\"en-US\",\"url\":\"https:\/\/tbmmedikal.com\/wp-content\/uploads\/2021\/04\/WhatsApp-Image-2021-04-24-at-15.07.32.jpeg\",\"contentUrl\":\"https:\/\/tbmmedikal.com\/wp-content\/uploads\/2021\/04\/WhatsApp-Image-2021-04-24-at-15.07.32.jpeg\",\"width\":1600,\"height\":1599,\"caption\":\"hakkimizda tbmmedikal\"},{\"@type\":\"WebPage\",\"@id\":\"https:\/\/tbmmedikal.com\/hakkimizda\/#webpage\",\"url\":\"https:\/\/tbmmedikal.com\/hakkimizda\/\",\"name\":\"HAKKIMIZDA -\",\"isPartOf\":{\"@id\":\"https:\/\/tbmmedikal.com\/#website\"},\"primaryImageOfPage\":{\"@id\":\"https:\/\/tbmmedikal.com\/hakkimizda\/#primaryimage\"},\"datePublished\":\"2020-07-06T17:59:58+00:00\",\"dateModified\":\"2021-04-25T08:31:56+00:00\",\"description\":\"T\\u00fcrk\\u00fcm Biomedical Engineering started and continues its activities with the gathering of people who have worked in different companies in the field of medical systems for many years. In the field of radiology in his own country and a lot of projects in Turkey ICLEI.T\\u00fcrk\\u00fcm Bioedical Engineering follows the current and technological developments of radiology in the world and offers it to the service of our country's health sector. We would like to thank our domestic and international solution partners who did not support us in providing full and timely marketing and after-sales technical services based on T\\u00fcrk\\u00fcm Bioedical Engineering unconditional customer satisfaction.\",\"breadcrumb\":{\"@id\":\"https:\/\/tbmmedikal.com\/hakkimizda\/#breadcrumb\"},\"inLanguage\":\"en-US\",\"potentialAction\":[{\"@type\":\"ReadAction\",\"target\":[\"https:\/\/tbmmedikal.com\/hakkimizda\/\"]}]},{\"@type\":\"BreadcrumbList\",\"@id\":\"https:\/\/tbmmedikal.com\/hakkimizda\/#breadcrumb\",\"itemListElement\":[{\"@type\":\"ListItem\",\"position\":1,\"item\":{\"@type\":\"WebPage\",\"@id\":\"https:\/\/tbmmedikal.com\/\",\"url\":\"https:\/\/tbmmedikal.com\/\",\"name\":\"Ana sayfa\"}},{\"@type\":\"ListItem\",\"position\":2,\"item\":{\"@type\":\"WebPage\",\"@id\":\"https:\/\/tbmmedikal.com\/hakkimizda\/\",\"url\":\"https:\/\/tbmmedikal.com\/hakkimizda\/\",\"name\":\"HAKKIMIZDA\"}}]}]}<\/script>\n<!-- \/ Yoast SEO plugin. -->","_links":{"self":[{"href":"https:\/\/tbmmedikal.com\/en\/wp-json\/wp\/v2\/pages\/31"}],"collection":[{"href":"https:\/\/tbmmedikal.com\/en\/wp-json\/wp\/v2\/pages"}],"about":[{"href":"https:\/\/tbmmedikal.com\/en\/wp-json\/wp\/v2\/types\/page"}],"author":[{"embeddable":true,"href":"https:\/\/tbmmedikal.com\/en\/wp-json\/wp\/v2\/users\/1"}],"replies":[{"embeddable":true,"href":"https:\/\/tbmmedikal.com\/en\/wp-json\/wp\/v2\/comments?post=31"}],"version-history":[{"count":3,"href":"https:\/\/tbmmedikal.com\/en\/wp-json\/wp\/v2\/pages\/31\/revisions"}],"predecessor-version":[{"id":590,"href":"https:\/\/tbmmedikal.com\/en\/wp-json\/wp\/v2\/pages\/31\/revisions\/590"}],"wp:featuredmedia":[{"embeddable":true,"href":"https:\/\/tbmmedikal.com\/en\/wp-json\/wp\/v2\/media\/586"}],"wp:attachment":[{"href":"https:\/\/tbmmedikal.com\/en\/wp-json\/wp\/v2\/media?parent=31"}],"curies":[{"name":"wp","href":"https:\/\/api.w.org\/{rel}","templated":true}]}}