{"id":30,"date":"2020-07-06T20:59:58","date_gmt":"2020-07-06T17:59:58","guid":{"rendered":"https:\/\/tbmmedikal.com\/?page_id=30"},"modified":"2020-07-15T01:35:07","modified_gmt":"2020-07-14T22:35:07","slug":"ana-sayfa","status":"publish","type":"page","link":"https:\/\/tbmmedikal.com\/en\/","title":{"rendered":"ANA SAYFA"},"content":{"rendered":"\n<p><\/p>\n\n\n\n<p>T\u00fcrk\u00fcm Biyomedikal M\u00fchendislik uzun y\u0131llar medikal sistemler alan\u0131nda farkl\u0131 firmalarda \u00e7al\u0131\u015fm\u0131\u015f konusunda tecr\u00fcbeli ki\u015filerin bir araya gelmesi ile faaliyetlerine ba\u015flam\u0131\u015f ve devam etmektedir. Radyoloji alan\u0131nda kendi \u00fclkesinde ve T\u00fcrkiye\u2019de bir \u00e7ok projelerde yer alm\u0131\u015fd\u0131r.<\/p>\n\n\n\n<p>T\u00fcrk\u00fcm Biyoedikal M\u00fchendislik radyolojinin d\u00fcnya \u00fczerinde ki g\u00fcncel ve teknolojik geli\u015fmelerini takip ederek, \u00fclkemiz sa\u011fl\u0131k sekt\u00f6r\u00fcn\u00fcn hizmetine sunmaktad\u0131r.<\/p>\n\n\n\n<p>T\u00fcrk\u00fcm Biyoedikal M\u00fchendislik ko\u015fulsuz m\u00fc\u015fteri memnuniyeti esas\u0131na dayal\u0131 pazarlama ve sat\u0131\u015f sonras\u0131 teknik servis hizmetlerini eksiksiz ve tam zaman\u0131nda vermemizde bizden desteklerini esirgemeyen yurti\u00e7i ve yurtd\u0131\u015f\u0131 \u00e7\u00f6z\u00fcm ortaklar\u0131m\u0131za te\u015fekk\u00fcr ederiz.<\/p>\n","protected":false},"excerpt":{"rendered":"","protected":false},"author":1,"featured_media":0,"parent":0,"menu_order":0,"comment_status":"closed","ping_status":"closed","template":"","meta":[],"yoast_head":"<!-- This site is optimized with the Yoast SEO plugin v16.1.1 - https:\/\/yoast.com\/wordpress\/plugins\/seo\/ -->\n<title>ANA SAYFA -<\/title>\n<meta name=\"description\" content=\"T\u00fcrk\u00fcm Biyoedikal M\u00fchendislik uzun y\u0131llar medikal sistemler alan\u0131nda farkl\u0131 firmalarda \u00e7al\u0131\u015fm\u0131\u015f konusunda tecr\u00fcbeli ki\u015filerin bir araya gelmesi ile faaliyetlerine ba\u015flam\u0131\u015f ve devam etmektedir. Radyoloji alan\u0131nda kendi \u00fclkesinde ve T\u00fcrkiye\u2019de bir \u00e7ok projelerde yer alm\u0131\u015fd\u0131r.T\u00fcrk\u00fcm Biyoedikal M\u00fchendislik radyolojinin d\u00fcnya \u00fczerinde ki g\u00fcncel ve teknolojik geli\u015fmelerini takip ederek, \u00fclkemiz sa\u011fl\u0131k sekt\u00f6r\u00fcn\u00fcn hizmetine sunmaktad\u0131r.T\u00fcrk\u00fcm Biyoedikal M\u00fchendislik ko\u015fulsuz m\u00fc\u015fteri memnuniyeti esas\u0131na dayal\u0131 pazarlama ve sat\u0131\u015f sonras\u0131 teknik servis hizmetlerini eksiksiz ve tam zaman\u0131nda vermemizde bizden desteklerini esirgemeyen yurti\u00e7i ve yurtd\u0131\u015f\u0131 \u00e7\u00f6z\u00fcm ortaklar\u0131m\u0131za te\u015fekk\u00fcr ederiz.\" \/>\n<meta name=\"robots\" content=\"index, follow, max-snippet:-1, max-image-preview:large, max-video-preview:-1\" \/>\n<link rel=\"canonical\" href=\"https:\/\/tbmmedikal.com\/\" \/>\n<meta property=\"og:locale\" content=\"en_US\" \/>\n<meta property=\"og:type\" content=\"article\" \/>\n<meta property=\"og:title\" content=\"ANA SAYFA -\" \/>\n<meta property=\"og:description\" content=\"T\u00fcrk\u00fcm Biyoedikal M\u00fchendislik uzun y\u0131llar medikal sistemler alan\u0131nda farkl\u0131 firmalarda \u00e7al\u0131\u015fm\u0131\u015f konusunda tecr\u00fcbeli ki\u015filerin bir araya gelmesi ile faaliyetlerine ba\u015flam\u0131\u015f ve devam etmektedir. Radyoloji alan\u0131nda kendi \u00fclkesinde ve T\u00fcrkiye\u2019de bir \u00e7ok projelerde yer alm\u0131\u015fd\u0131r.T\u00fcrk\u00fcm Biyoedikal M\u00fchendislik radyolojinin d\u00fcnya \u00fczerinde ki g\u00fcncel ve teknolojik geli\u015fmelerini takip ederek, \u00fclkemiz sa\u011fl\u0131k sekt\u00f6r\u00fcn\u00fcn hizmetine sunmaktad\u0131r.T\u00fcrk\u00fcm Biyoedikal M\u00fchendislik ko\u015fulsuz m\u00fc\u015fteri memnuniyeti esas\u0131na dayal\u0131 pazarlama ve sat\u0131\u015f sonras\u0131 teknik servis hizmetlerini eksiksiz ve tam zaman\u0131nda vermemizde bizden desteklerini esirgemeyen yurti\u00e7i ve yurtd\u0131\u015f\u0131 \u00e7\u00f6z\u00fcm ortaklar\u0131m\u0131za te\u015fekk\u00fcr ederiz.\" \/>\n<meta property=\"og:url\" content=\"https:\/\/tbmmedikal.com\/\" \/>\n<meta property=\"article:modified_time\" content=\"2020-07-14T22:35:07+00:00\" \/>\n<meta name=\"twitter:card\" content=\"summary_large_image\" \/>\n<meta name=\"twitter:label1\" content=\"Est. reading time\">\n\t<meta name=\"twitter:data1\" content=\"1 minute\">\n<script type=\"application\/ld+json\" class=\"yoast-schema-graph\">{\"@context\":\"https:\/\/schema.org\",\"@graph\":[{\"@type\":\"WebSite\",\"@id\":\"https:\/\/tbmmedikal.com\/#website\",\"url\":\"https:\/\/tbmmedikal.com\/\",\"name\":\"\",\"description\":\"T\\u00fcrk\\u00fcm Biomedical Engineering\",\"potentialAction\":[{\"@type\":\"SearchAction\",\"target\":\"https:\/\/tbmmedikal.com\/?s={search_term_string}\",\"query-input\":\"required name=search_term_string\"}],\"inLanguage\":\"en-US\"},{\"@type\":\"WebPage\",\"@id\":\"https:\/\/tbmmedikal.com\/#webpage\",\"url\":\"https:\/\/tbmmedikal.com\/\",\"name\":\"ANA SAYFA -\",\"isPartOf\":{\"@id\":\"https:\/\/tbmmedikal.com\/#website\"},\"datePublished\":\"2020-07-06T17:59:58+00:00\",\"dateModified\":\"2020-07-14T22:35:07+00:00\",\"description\":\"T\\u00fcrk\\u00fcm Biyoedikal M\\u00fchendislik uzun y\\u0131llar medikal sistemler alan\\u0131nda farkl\\u0131 firmalarda \\u00e7al\\u0131\\u015fm\\u0131\\u015f konusunda tecr\\u00fcbeli ki\\u015filerin bir araya gelmesi ile faaliyetlerine ba\\u015flam\\u0131\\u015f ve devam etmektedir. Radyoloji alan\\u0131nda kendi \\u00fclkesinde ve T\\u00fcrkiye\\u2019de bir \\u00e7ok projelerde yer alm\\u0131\\u015fd\\u0131r.T\\u00fcrk\\u00fcm Biyoedikal M\\u00fchendislik radyolojinin d\\u00fcnya \\u00fczerinde ki g\\u00fcncel ve teknolojik geli\\u015fmelerini takip ederek, \\u00fclkemiz sa\\u011fl\\u0131k sekt\\u00f6r\\u00fcn\\u00fcn hizmetine sunmaktad\\u0131r.T\\u00fcrk\\u00fcm Biyoedikal M\\u00fchendislik ko\\u015fulsuz m\\u00fc\\u015fteri memnuniyeti esas\\u0131na dayal\\u0131 pazarlama ve sat\\u0131\\u015f sonras\\u0131 teknik servis hizmetlerini eksiksiz ve tam zaman\\u0131nda vermemizde bizden desteklerini esirgemeyen yurti\\u00e7i ve yurtd\\u0131\\u015f\\u0131 \\u00e7\\u00f6z\\u00fcm ortaklar\\u0131m\\u0131za te\\u015fekk\\u00fcr ederiz.\",\"breadcrumb\":{\"@id\":\"https:\/\/tbmmedikal.com\/#breadcrumb\"},\"inLanguage\":\"en-US\",\"potentialAction\":[{\"@type\":\"ReadAction\",\"target\":[\"https:\/\/tbmmedikal.com\/\"]}]},{\"@type\":\"BreadcrumbList\",\"@id\":\"https:\/\/tbmmedikal.com\/#breadcrumb\",\"itemListElement\":[{\"@type\":\"ListItem\",\"position\":1,\"item\":{\"@type\":\"WebPage\",\"@id\":\"https:\/\/tbmmedikal.com\/\",\"url\":\"https:\/\/tbmmedikal.com\/\",\"name\":\"Ana sayfa\"}},{\"@type\":\"ListItem\",\"position\":2,\"item\":{\"@type\":\"WebPage\",\"@id\":\"https:\/\/tbmmedikal.com\/\",\"url\":\"https:\/\/tbmmedikal.com\/\",\"name\":\"ANA SAYFA\"}}]}]}<\/script>\n<!-- \/ Yoast SEO plugin. -->","_links":{"self":[{"href":"https:\/\/tbmmedikal.com\/en\/wp-json\/wp\/v2\/pages\/30"}],"collection":[{"href":"https:\/\/tbmmedikal.com\/en\/wp-json\/wp\/v2\/pages"}],"about":[{"href":"https:\/\/tbmmedikal.com\/en\/wp-json\/wp\/v2\/types\/page"}],"author":[{"embeddable":true,"href":"https:\/\/tbmmedikal.com\/en\/wp-json\/wp\/v2\/users\/1"}],"replies":[{"embeddable":true,"href":"https:\/\/tbmmedikal.com\/en\/wp-json\/wp\/v2\/comments?post=30"}],"version-history":[{"count":0,"href":"https:\/\/tbmmedikal.com\/en\/wp-json\/wp\/v2\/pages\/30\/revisions"}],"wp:attachment":[{"href":"https:\/\/tbmmedikal.com\/en\/wp-json\/wp\/v2\/media?parent=30"}],"curies":[{"name":"wp","href":"https:\/\/api.w.org\/{rel}","templated":true}]}}