{"id":144,"date":"2020-07-11T11:25:53","date_gmt":"2020-07-11T08:25:53","guid":{"rendered":"https:\/\/tbmmedikal.com\/?page_id=144"},"modified":"2020-07-27T22:03:01","modified_gmt":"2020-07-27T19:03:01","slug":"tup-tamiri","status":"publish","type":"page","link":"https:\/\/tbmmedikal.com\/en\/tup-tamiri\/","title":{"rendered":"T\u00fcp Tamiri"},"content":{"rendered":"\n<h3><\/h3>\n\n\n\n<figure class=\"wp-block-image size-large\"><img loading=\"lazy\" width=\"960\" height=\"720\" src=\"https:\/\/tbmmedikal.com\/wp-content\/uploads\/2020\/07\/xraytuptamiri.jpg\" alt=\"\" class=\"wp-image-506\" srcset=\"https:\/\/tbmmedikal.com\/wp-content\/uploads\/2020\/07\/xraytuptamiri.jpg 960w, https:\/\/tbmmedikal.com\/wp-content\/uploads\/2020\/07\/xraytuptamiri-300x225.jpg 300w, https:\/\/tbmmedikal.com\/wp-content\/uploads\/2020\/07\/xraytuptamiri-768x576.jpg 768w\" sizes=\"(max-width: 960px) 100vw, 960px\" \/><\/figure>\n\n\n\n<p><\/p>\n\n\n\n<p><\/p>\n\n\n\n<h4>PANORAM\u0130K R\u00d6NTGEN T\u00dcP\u00dc DE\u011e\u0130\u015e\u0130M\u0130<br>R\u00d6NTGEN T\u00dcP VAKUMU<br>CONTA K\u00d6R\u00dcK DE\u011e\u0130\u015e\u0130M\u0130<br>YA\u011e DE\u011e\u0130\u015e\u0130M\u0130<br>GARANT\u0130L\u0130 TEKN\u0130K SERV\u0130S<\/h4>\n\n\n\n<p><\/p>\n\n\n\n<p>\u0130ster tek seferlik bir hizmet etkinli\u011fi ile ister&nbsp; bir hizmet s\u00f6zle\u015fmesinin g\u00fcvenilirli\u011fi ile olsun, T\u00fcrk\u00fcm Biomedikal M\u00fchendislik&nbsp; cihazlar\u0131n\u0131z\u0131n verimlili\u011fini ve \u00f6m\u00fcr\u00fcn\u00fc art\u0131racak&nbsp; i\u015f hedeflerinize ula\u015fman\u0131za yard\u0131mc\u0131 olacak&nbsp;tamir, bak\u0131m ve onar\u0131m hizmeti sunuyor.<\/p>\n\n\n\n<p>Bizim m\u00fchendislerimiz, kar\u015f\u0131la\u015fabilece\u011finiz her t\u00fcrl\u00fc sorunu gidermek ve \u00e7\u00f6zmek i\u00e7in 7 g\u00fcn 24 saat hizmetinizde.<\/p>\n\n\n\n<p>\u0130\u015finin professyonelleri olan m\u00fchendislerimize haftan\u0131n her g\u00fcn\u00fc ula\u015fa bilirsiniz.<\/p>\n\n\n\n<p>7 \/24 Teknik destek<\/p>\n\n\n\n<p>Telefon deste\u011fi<\/p>\n\n\n\n<p>+90 532 736 64 01<\/p>\n\n\n\n<h3><a href=\"https:\/\/tbmmedikal.com\/index.php\/iletisim\/\"><strong>Teknik<\/strong>&nbsp;Servis Taleb Formu<\/a>&nbsp;olu\u015ftur<\/h3>\n","protected":false},"excerpt":{"rendered":"<p>PANORAMIC X-RAY TUBE CHANGEX-RAY TUBE VACUUMSEAL SPRING REPLACEMENTOIL CHANGEGUARANTEED TECHNICAL SERVICE Whether with a one-time service event or the reliability of a service contract, T\u00fcrk\u00fcm Biomedikal M\u00fchendislik provides repair, maintenance and repair services to help you achieve your business goals that will increase the efficiency and life of your devices. Our engineers are at your&hellip;<\/p>\n","protected":false},"author":1,"featured_media":0,"parent":0,"menu_order":0,"comment_status":"closed","ping_status":"closed","template":"","meta":[],"yoast_head":"<!-- This site is optimized with the Yoast SEO plugin v16.1.1 - https:\/\/yoast.com\/wordpress\/plugins\/seo\/ -->\n<title>T\u00fcp Tamiri -<\/title>\n<meta name=\"robots\" content=\"index, follow, max-snippet:-1, max-image-preview:large, max-video-preview:-1\" \/>\n<link rel=\"canonical\" href=\"https:\/\/tbmmedikal.com\/tup-tamiri\/\" \/>\n<meta property=\"og:locale\" content=\"en_US\" \/>\n<meta property=\"og:type\" content=\"article\" \/>\n<meta property=\"og:title\" content=\"T\u00fcp Tamiri -\" \/>\n<meta property=\"og:description\" content=\"PANORAMIC X-RAY TUBE CHANGEX-RAY TUBE VACUUMSEAL SPRING REPLACEMENTOIL CHANGEGUARANTEED TECHNICAL SERVICE Whether with a one-time service event or the reliability of a service contract, T\u00fcrk\u00fcm Biomedikal M\u00fchendislik provides repair, maintenance and repair services to help you achieve your business goals that will increase the efficiency and life of your devices. Our engineers are at your&hellip;\" \/>\n<meta property=\"og:url\" content=\"https:\/\/tbmmedikal.com\/tup-tamiri\/\" \/>\n<meta property=\"article:modified_time\" content=\"2020-07-27T19:03:01+00:00\" \/>\n<meta property=\"og:image\" content=\"https:\/\/tbmmedikal.com\/wp-content\/uploads\/2020\/07\/xraytuptamiri.jpg\" \/>\n<meta name=\"twitter:card\" content=\"summary_large_image\" \/>\n<meta name=\"twitter:label1\" content=\"Est. reading time\">\n\t<meta name=\"twitter:data1\" content=\"1 minute\">\n<script type=\"application\/ld+json\" class=\"yoast-schema-graph\">{\"@context\":\"https:\/\/schema.org\",\"@graph\":[{\"@type\":\"WebSite\",\"@id\":\"https:\/\/tbmmedikal.com\/#website\",\"url\":\"https:\/\/tbmmedikal.com\/\",\"name\":\"\",\"description\":\"T\\u00fcrk\\u00fcm Biomedical Engineering\",\"potentialAction\":[{\"@type\":\"SearchAction\",\"target\":\"https:\/\/tbmmedikal.com\/?s={search_term_string}\",\"query-input\":\"required name=search_term_string\"}],\"inLanguage\":\"en-US\"},{\"@type\":\"ImageObject\",\"@id\":\"https:\/\/tbmmedikal.com\/tup-tamiri\/#primaryimage\",\"inLanguage\":\"en-US\",\"url\":\"https:\/\/tbmmedikal.com\/wp-content\/uploads\/2020\/07\/xraytuptamiri.jpg\",\"contentUrl\":\"https:\/\/tbmmedikal.com\/wp-content\/uploads\/2020\/07\/xraytuptamiri.jpg\",\"width\":960,\"height\":720},{\"@type\":\"WebPage\",\"@id\":\"https:\/\/tbmmedikal.com\/tup-tamiri\/#webpage\",\"url\":\"https:\/\/tbmmedikal.com\/tup-tamiri\/\",\"name\":\"T\\u00fcp Tamiri -\",\"isPartOf\":{\"@id\":\"https:\/\/tbmmedikal.com\/#website\"},\"primaryImageOfPage\":{\"@id\":\"https:\/\/tbmmedikal.com\/tup-tamiri\/#primaryimage\"},\"datePublished\":\"2020-07-11T08:25:53+00:00\",\"dateModified\":\"2020-07-27T19:03:01+00:00\",\"breadcrumb\":{\"@id\":\"https:\/\/tbmmedikal.com\/tup-tamiri\/#breadcrumb\"},\"inLanguage\":\"en-US\",\"potentialAction\":[{\"@type\":\"ReadAction\",\"target\":[\"https:\/\/tbmmedikal.com\/tup-tamiri\/\"]}]},{\"@type\":\"BreadcrumbList\",\"@id\":\"https:\/\/tbmmedikal.com\/tup-tamiri\/#breadcrumb\",\"itemListElement\":[{\"@type\":\"ListItem\",\"position\":1,\"item\":{\"@type\":\"WebPage\",\"@id\":\"https:\/\/tbmmedikal.com\/\",\"url\":\"https:\/\/tbmmedikal.com\/\",\"name\":\"Ana sayfa\"}},{\"@type\":\"ListItem\",\"position\":2,\"item\":{\"@type\":\"WebPage\",\"@id\":\"https:\/\/tbmmedikal.com\/tup-tamiri\/\",\"url\":\"https:\/\/tbmmedikal.com\/tup-tamiri\/\",\"name\":\"T\\u00fcp Tamiri\"}}]}]}<\/script>\n<!-- \/ Yoast SEO plugin. -->","_links":{"self":[{"href":"https:\/\/tbmmedikal.com\/en\/wp-json\/wp\/v2\/pages\/144"}],"collection":[{"href":"https:\/\/tbmmedikal.com\/en\/wp-json\/wp\/v2\/pages"}],"about":[{"href":"https:\/\/tbmmedikal.com\/en\/wp-json\/wp\/v2\/types\/page"}],"author":[{"embeddable":true,"href":"https:\/\/tbmmedikal.com\/en\/wp-json\/wp\/v2\/users\/1"}],"replies":[{"embeddable":true,"href":"https:\/\/tbmmedikal.com\/en\/wp-json\/wp\/v2\/comments?post=144"}],"version-history":[{"count":5,"href":"https:\/\/tbmmedikal.com\/en\/wp-json\/wp\/v2\/pages\/144\/revisions"}],"predecessor-version":[{"id":511,"href":"https:\/\/tbmmedikal.com\/en\/wp-json\/wp\/v2\/pages\/144\/revisions\/511"}],"wp:attachment":[{"href":"https:\/\/tbmmedikal.com\/en\/wp-json\/wp\/v2\/media?parent=144"}],"curies":[{"name":"wp","href":"https:\/\/api.w.org\/{rel}","templated":true}]}}