{"id":141,"date":"2020-07-11T11:25:53","date_gmt":"2020-07-11T08:25:53","guid":{"rendered":"https:\/\/tbmmedikal.com\/?page_id=141"},"modified":"2020-07-27T21:32:28","modified_gmt":"2020-07-27T18:32:28","slug":"aplikasyon-egitimleri","status":"publish","type":"page","link":"https:\/\/tbmmedikal.com\/en\/urunler\/aplikasyon-egitimleri\/","title":{"rendered":"APL\u0130KASYON E\u011e\u0130T\u0130MLER\u0130"},"content":{"rendered":"\n<div class=\"wp-block-image is-style-default\"><figure class=\"aligncenter size-medium\"><img loading=\"lazy\" width=\"225\" height=\"300\" src=\"https:\/\/tbmmedikal.com\/wp-content\/uploads\/2020\/07\/SDU-ARASDIRMA-VE-UYGULAMA-HASTANESI-4-225x300.jpg\" alt=\"\" class=\"wp-image-497\" srcset=\"https:\/\/tbmmedikal.com\/wp-content\/uploads\/2020\/07\/SDU-ARASDIRMA-VE-UYGULAMA-HASTANESI-4-225x300.jpg 225w, https:\/\/tbmmedikal.com\/wp-content\/uploads\/2020\/07\/SDU-ARASDIRMA-VE-UYGULAMA-HASTANESI-4.jpg 720w\" sizes=\"(max-width: 225px) 100vw, 225px\" \/><\/figure><\/div>\n\n\n\n<p>Cihaz devreye alma i\u015fleminden sonraki a\u015fama, teknisyen ve doktorlar i\u00e7in kullan\u0131ma y\u00f6nelik d\u00fczenlenen e\u011fitimler ile cihazlar hasta al\u0131m\u0131na ba\u015flat\u0131l\u0131r. Belirli program \u00e7er\u00e7evesinde y\u00fcr\u00fct\u00fclen bu e\u011fitimler ile operat\u00f6rlerin iyi bir \u015fekilde e\u011fitilerek cihazda var olan t\u00fcm \u00f6zelliklerin en verimli \u015fekilde kullan\u0131lmas\u0131 ama\u00e7lanmaktad\u0131r.<\/p>\n\n\n\n<p>Ayr\u0131ca talep do\u011frultusunda mevcut \u00e7al\u0131\u015fan sistemler i\u00e7in her zaman \u00f6zel uygulama programlar\u0131 d\u00fczenlenebilmekte, kullan\u0131c\u0131 ve doktorlar e\u011fitilmektedir.<\/p>\n\n\n\n<p>Aplikasyon e\u011fitimleri operat\u00f6r\u00fcn ekipman\u0131 tam kapasite ile kullanmas\u0131na, h\u0131zl\u0131 adaptasyona ve i\u015fletmeye ge\u00e7i\u015fin h\u0131zlanmas\u0131na yard\u0131mc\u0131 olur. E\u011fitim seanslar\u0131 kullan\u0131c\u0131lar\u0131 sistemlerin \u00e7al\u0131\u015fmas\u0131 konusunda e\u011fitir ve ara\u015ft\u0131rmalar\u0131n\u0131 daha da geli\u015ftirmek i\u00e7in nicel veri \u00fcretmelerini sa\u011flar.<\/p>\n","protected":false},"excerpt":{"rendered":"<p>After the device commissioning process, the devices are started to be recruited with the trainings organized for use by technicians and doctors. With these trainings carried out within the framework of a certain program, it is aimed to train the operators well and use all the features available in the device in the most efficient&hellip;<\/p>\n","protected":false},"author":2,"featured_media":0,"parent":34,"menu_order":0,"comment_status":"closed","ping_status":"closed","template":"","meta":[],"yoast_head":"<!-- This site is optimized with the Yoast SEO plugin v16.1.1 - https:\/\/yoast.com\/wordpress\/plugins\/seo\/ -->\n<title>APL\u0130KASYON E\u011e\u0130T\u0130MLER\u0130 -<\/title>\n<meta name=\"robots\" content=\"index, follow, max-snippet:-1, max-image-preview:large, max-video-preview:-1\" \/>\n<link rel=\"canonical\" href=\"https:\/\/tbmmedikal.com\/urunler\/aplikasyon-egitimleri\/\" \/>\n<meta property=\"og:locale\" content=\"en_US\" \/>\n<meta property=\"og:type\" content=\"article\" \/>\n<meta property=\"og:title\" content=\"APL\u0130KASYON E\u011e\u0130T\u0130MLER\u0130 -\" \/>\n<meta property=\"og:description\" content=\"After the device commissioning process, the devices are started to be recruited with the trainings organized for use by technicians and doctors. With these trainings carried out within the framework of a certain program, it is aimed to train the operators well and use all the features available in the device in the most efficient&hellip;\" \/>\n<meta property=\"og:url\" content=\"https:\/\/tbmmedikal.com\/urunler\/aplikasyon-egitimleri\/\" \/>\n<meta property=\"article:modified_time\" content=\"2020-07-27T18:32:28+00:00\" \/>\n<meta property=\"og:image\" content=\"https:\/\/tbmmedikal.com\/wp-content\/uploads\/2020\/07\/SDU-ARASDIRMA-VE-UYGULAMA-HASTANESI-4-225x300.jpg\" \/>\n<meta name=\"twitter:card\" content=\"summary_large_image\" \/>\n<meta name=\"twitter:label1\" content=\"Est. reading time\">\n\t<meta name=\"twitter:data1\" content=\"1 minute\">\n<script type=\"application\/ld+json\" class=\"yoast-schema-graph\">{\"@context\":\"https:\/\/schema.org\",\"@graph\":[{\"@type\":\"WebSite\",\"@id\":\"https:\/\/tbmmedikal.com\/#website\",\"url\":\"https:\/\/tbmmedikal.com\/\",\"name\":\"\",\"description\":\"T\\u00fcrk\\u00fcm Biomedical Engineering\",\"potentialAction\":[{\"@type\":\"SearchAction\",\"target\":\"https:\/\/tbmmedikal.com\/?s={search_term_string}\",\"query-input\":\"required name=search_term_string\"}],\"inLanguage\":\"en-US\"},{\"@type\":\"ImageObject\",\"@id\":\"https:\/\/tbmmedikal.com\/urunler\/aplikasyon-egitimleri\/#primaryimage\",\"inLanguage\":\"en-US\",\"url\":\"https:\/\/tbmmedikal.com\/wp-content\/uploads\/2020\/07\/SDU-ARASDIRMA-VE-UYGULAMA-HASTANESI-4.jpg\",\"contentUrl\":\"https:\/\/tbmmedikal.com\/wp-content\/uploads\/2020\/07\/SDU-ARASDIRMA-VE-UYGULAMA-HASTANESI-4.jpg\",\"width\":720,\"height\":960},{\"@type\":\"WebPage\",\"@id\":\"https:\/\/tbmmedikal.com\/urunler\/aplikasyon-egitimleri\/#webpage\",\"url\":\"https:\/\/tbmmedikal.com\/urunler\/aplikasyon-egitimleri\/\",\"name\":\"APL\\u0130KASYON E\\u011e\\u0130T\\u0130MLER\\u0130 -\",\"isPartOf\":{\"@id\":\"https:\/\/tbmmedikal.com\/#website\"},\"primaryImageOfPage\":{\"@id\":\"https:\/\/tbmmedikal.com\/urunler\/aplikasyon-egitimleri\/#primaryimage\"},\"datePublished\":\"2020-07-11T08:25:53+00:00\",\"dateModified\":\"2020-07-27T18:32:28+00:00\",\"breadcrumb\":{\"@id\":\"https:\/\/tbmmedikal.com\/urunler\/aplikasyon-egitimleri\/#breadcrumb\"},\"inLanguage\":\"en-US\",\"potentialAction\":[{\"@type\":\"ReadAction\",\"target\":[\"https:\/\/tbmmedikal.com\/urunler\/aplikasyon-egitimleri\/\"]}]},{\"@type\":\"BreadcrumbList\",\"@id\":\"https:\/\/tbmmedikal.com\/urunler\/aplikasyon-egitimleri\/#breadcrumb\",\"itemListElement\":[{\"@type\":\"ListItem\",\"position\":1,\"item\":{\"@type\":\"WebPage\",\"@id\":\"https:\/\/tbmmedikal.com\/\",\"url\":\"https:\/\/tbmmedikal.com\/\",\"name\":\"Ana sayfa\"}},{\"@type\":\"ListItem\",\"position\":2,\"item\":{\"@type\":\"WebPage\",\"@id\":\"https:\/\/tbmmedikal.com\/urunler\/\",\"url\":\"https:\/\/tbmmedikal.com\/urunler\/\",\"name\":\"\\u00dcR\\u00dcNLER\"}},{\"@type\":\"ListItem\",\"position\":3,\"item\":{\"@type\":\"WebPage\",\"@id\":\"https:\/\/tbmmedikal.com\/urunler\/aplikasyon-egitimleri\/\",\"url\":\"https:\/\/tbmmedikal.com\/urunler\/aplikasyon-egitimleri\/\",\"name\":\"APL\\u0130KASYON E\\u011e\\u0130T\\u0130MLER\\u0130\"}}]}]}<\/script>\n<!-- \/ Yoast SEO plugin. -->","_links":{"self":[{"href":"https:\/\/tbmmedikal.com\/en\/wp-json\/wp\/v2\/pages\/141"}],"collection":[{"href":"https:\/\/tbmmedikal.com\/en\/wp-json\/wp\/v2\/pages"}],"about":[{"href":"https:\/\/tbmmedikal.com\/en\/wp-json\/wp\/v2\/types\/page"}],"author":[{"embeddable":true,"href":"https:\/\/tbmmedikal.com\/en\/wp-json\/wp\/v2\/users\/2"}],"replies":[{"embeddable":true,"href":"https:\/\/tbmmedikal.com\/en\/wp-json\/wp\/v2\/comments?post=141"}],"version-history":[{"count":5,"href":"https:\/\/tbmmedikal.com\/en\/wp-json\/wp\/v2\/pages\/141\/revisions"}],"predecessor-version":[{"id":502,"href":"https:\/\/tbmmedikal.com\/en\/wp-json\/wp\/v2\/pages\/141\/revisions\/502"}],"up":[{"embeddable":true,"href":"https:\/\/tbmmedikal.com\/en\/wp-json\/wp\/v2\/pages\/34"}],"wp:attachment":[{"href":"https:\/\/tbmmedikal.com\/en\/wp-json\/wp\/v2\/media?parent=141"}],"curies":[{"name":"wp","href":"https:\/\/api.w.org\/{rel}","templated":true}]}}