{"id":140,"date":"2020-07-11T11:25:52","date_gmt":"2020-07-11T08:25:52","guid":{"rendered":"https:\/\/tbmmedikal.com\/?page_id=140"},"modified":"2020-07-27T21:40:14","modified_gmt":"2020-07-27T18:40:14","slug":"cihaz-tasima-ve-montaj","status":"publish","type":"page","link":"https:\/\/tbmmedikal.com\/en\/cihaz-tasima-ve-montaj\/","title":{"rendered":"Assembly disassembly"},"content":{"rendered":"\n<figure class=\"wp-block-image size-large\"><img loading=\"lazy\" width=\"1024\" height=\"652\" src=\"https:\/\/tbmmedikal.com\/wp-content\/uploads\/2020\/07\/GMM-Opera-Rt20-Harp-Guitar_01-1024x652.jpg\" alt=\"\" class=\"wp-image-353\" srcset=\"https:\/\/tbmmedikal.com\/wp-content\/uploads\/2020\/07\/GMM-Opera-Rt20-Harp-Guitar_01-1024x652.jpg 1024w, https:\/\/tbmmedikal.com\/wp-content\/uploads\/2020\/07\/GMM-Opera-Rt20-Harp-Guitar_01-300x191.jpg 300w, https:\/\/tbmmedikal.com\/wp-content\/uploads\/2020\/07\/GMM-Opera-Rt20-Harp-Guitar_01-768x489.jpg 768w, https:\/\/tbmmedikal.com\/wp-content\/uploads\/2020\/07\/GMM-Opera-Rt20-Harp-Guitar_01.jpg 1030w\" sizes=\"(max-width: 1024px) 100vw, 1024px\" \/><figcaption>werrwerwer<\/figcaption><\/figure>\n\n\n\n<h2><strong>Montaj \/ Demontaj<\/strong><\/h2>\n\n\n\n<h3>Montaj demontaj hizmetlerinin kapsam\u0131 hastanelerde, t\u0131p ve g\u00f6r\u00fcnt\u00fcleme merkezlerinde bulunan ta\u015f\u0131namayan ve uzmanl\u0131k gerektiren cihaz ta\u015f\u0131ma i\u015flerini kusursuz yapmakt\u0131r. TBM Medikal olarak t\u00fcm cihaz nakliye i\u015flemlerini sigortal\u0131 ve garantili yapmaktay\u0131z.<\/h3>\n\n\n\n<p><\/p>\n","protected":false},"excerpt":{"rendered":"<p>Assembly disassembly The scope of the assembly disassembly services is to carry out the device transport works that are not carried and require expertise in hospitals, medical and imaging centers. As Siemed Medical Systems, we make all device transportation procedures insured and guaranteed.<\/p>\n","protected":false},"author":1,"featured_media":0,"parent":0,"menu_order":0,"comment_status":"closed","ping_status":"closed","template":"","meta":[],"yoast_head":"<!-- This site is optimized with the Yoast SEO plugin v16.1.1 - https:\/\/yoast.com\/wordpress\/plugins\/seo\/ -->\n<title>C\u0130HAZ TA\u015eIMA VE MONTAJ -<\/title>\n<meta name=\"robots\" content=\"index, follow, max-snippet:-1, max-image-preview:large, max-video-preview:-1\" \/>\n<link rel=\"canonical\" href=\"https:\/\/tbmmedikal.com\/cihaz-tasima-ve-montaj\/\" \/>\n<meta property=\"og:locale\" content=\"en_US\" \/>\n<meta property=\"og:type\" content=\"article\" \/>\n<meta property=\"og:title\" content=\"C\u0130HAZ TA\u015eIMA VE MONTAJ -\" \/>\n<meta property=\"og:description\" content=\"Assembly disassembly The scope of the assembly disassembly services is to carry out the device transport works that are not carried and require expertise in hospitals, medical and imaging centers. As Siemed Medical Systems, we make all device transportation procedures insured and guaranteed.\" \/>\n<meta property=\"og:url\" content=\"https:\/\/tbmmedikal.com\/cihaz-tasima-ve-montaj\/\" \/>\n<meta property=\"article:modified_time\" content=\"2020-07-27T18:40:14+00:00\" \/>\n<meta property=\"og:image\" content=\"https:\/\/tbmmedikal.com\/wp-content\/uploads\/2020\/07\/GMM-Opera-Rt20-Harp-Guitar_01-1024x652.jpg\" \/>\n<meta name=\"twitter:card\" content=\"summary_large_image\" \/>\n<script type=\"application\/ld+json\" class=\"yoast-schema-graph\">{\"@context\":\"https:\/\/schema.org\",\"@graph\":[{\"@type\":\"WebSite\",\"@id\":\"https:\/\/tbmmedikal.com\/#website\",\"url\":\"https:\/\/tbmmedikal.com\/\",\"name\":\"\",\"description\":\"T\\u00fcrk\\u00fcm Biomedical Engineering\",\"potentialAction\":[{\"@type\":\"SearchAction\",\"target\":\"https:\/\/tbmmedikal.com\/?s={search_term_string}\",\"query-input\":\"required name=search_term_string\"}],\"inLanguage\":\"en-US\"},{\"@type\":\"ImageObject\",\"@id\":\"https:\/\/tbmmedikal.com\/cihaz-tasima-ve-montaj\/#primaryimage\",\"inLanguage\":\"en-US\",\"url\":\"https:\/\/tbmmedikal.com\/wp-content\/uploads\/2020\/07\/GMM-Opera-Rt20-Harp-Guitar_01.jpg\",\"contentUrl\":\"https:\/\/tbmmedikal.com\/wp-content\/uploads\/2020\/07\/GMM-Opera-Rt20-Harp-Guitar_01.jpg\",\"width\":1030,\"height\":656,\"caption\":\"werrwerwer\"},{\"@type\":\"WebPage\",\"@id\":\"https:\/\/tbmmedikal.com\/cihaz-tasima-ve-montaj\/#webpage\",\"url\":\"https:\/\/tbmmedikal.com\/cihaz-tasima-ve-montaj\/\",\"name\":\"C\\u0130HAZ TA\\u015eIMA VE MONTAJ -\",\"isPartOf\":{\"@id\":\"https:\/\/tbmmedikal.com\/#website\"},\"primaryImageOfPage\":{\"@id\":\"https:\/\/tbmmedikal.com\/cihaz-tasima-ve-montaj\/#primaryimage\"},\"datePublished\":\"2020-07-11T08:25:52+00:00\",\"dateModified\":\"2020-07-27T18:40:14+00:00\",\"breadcrumb\":{\"@id\":\"https:\/\/tbmmedikal.com\/cihaz-tasima-ve-montaj\/#breadcrumb\"},\"inLanguage\":\"en-US\",\"potentialAction\":[{\"@type\":\"ReadAction\",\"target\":[\"https:\/\/tbmmedikal.com\/cihaz-tasima-ve-montaj\/\"]}]},{\"@type\":\"BreadcrumbList\",\"@id\":\"https:\/\/tbmmedikal.com\/cihaz-tasima-ve-montaj\/#breadcrumb\",\"itemListElement\":[{\"@type\":\"ListItem\",\"position\":1,\"item\":{\"@type\":\"WebPage\",\"@id\":\"https:\/\/tbmmedikal.com\/\",\"url\":\"https:\/\/tbmmedikal.com\/\",\"name\":\"Ana sayfa\"}},{\"@type\":\"ListItem\",\"position\":2,\"item\":{\"@type\":\"WebPage\",\"@id\":\"https:\/\/tbmmedikal.com\/cihaz-tasima-ve-montaj\/\",\"url\":\"https:\/\/tbmmedikal.com\/cihaz-tasima-ve-montaj\/\",\"name\":\"C\\u0130HAZ TA\\u015eIMA VE MONTAJ\"}}]}]}<\/script>\n<!-- \/ Yoast SEO plugin. -->","_links":{"self":[{"href":"https:\/\/tbmmedikal.com\/en\/wp-json\/wp\/v2\/pages\/140"}],"collection":[{"href":"https:\/\/tbmmedikal.com\/en\/wp-json\/wp\/v2\/pages"}],"about":[{"href":"https:\/\/tbmmedikal.com\/en\/wp-json\/wp\/v2\/types\/page"}],"author":[{"embeddable":true,"href":"https:\/\/tbmmedikal.com\/en\/wp-json\/wp\/v2\/users\/1"}],"replies":[{"embeddable":true,"href":"https:\/\/tbmmedikal.com\/en\/wp-json\/wp\/v2\/comments?post=140"}],"version-history":[{"count":2,"href":"https:\/\/tbmmedikal.com\/en\/wp-json\/wp\/v2\/pages\/140\/revisions"}],"predecessor-version":[{"id":504,"href":"https:\/\/tbmmedikal.com\/en\/wp-json\/wp\/v2\/pages\/140\/revisions\/504"}],"wp:attachment":[{"href":"https:\/\/tbmmedikal.com\/en\/wp-json\/wp\/v2\/media?parent=140"}],"curies":[{"name":"wp","href":"https:\/\/api.w.org\/{rel}","templated":true}]}}